{"id":15211,"date":"2025-01-17T09:57:45","date_gmt":"2025-01-17T09:57:45","guid":{"rendered":"https:\/\/promochaudiere.be\/produit\/bosch-distributeur-circuit-cc-pour-montage-mural-3-circuits-70kw-8718599379\/"},"modified":"2026-02-03T19:40:07","modified_gmt":"2026-02-03T18:40:07","slug":"bosch-distributeur-circuit-cc-pour-montage-mural-3-circuits-70kw-8718599379","status":"publish","type":"product","link":"https:\/\/promochaudiere.be\/nl\/product\/bosch-distributeur-circuit-cc-pour-montage-mural-3-circuits-70kw-8718599379\/","title":{"rendered":"BOSCH DISTRIBUTEUR CIRCUIT CC POUR MONTAGE MURAL 3 CIRCUITS 70KW 8718599379"},"content":{"rendered":"<p>Avec le distributeur de circuit CC Bosch, b\u00e9n\u00e9ficiez d\u2019une gestion optimis\u00e9e de votre syst\u00e8me de chauffage. Il permet de r\u00e9partir efficacement l\u2019eau chaude entre plusieurs circuits pour un confort thermique optimal. Facile \u00e0 installer gr\u00e2ce \u00e0 son design mural, il garantit une stabilit\u00e9 et une efficacit\u00e9 maximales. Fabriqu\u00e9 avec des mat\u00e9riaux r\u00e9sistants, il offre une fiabilit\u00e9 durable.<\/p>","protected":false},"excerpt":{"rendered":"<p>BOSCH DISTRIBUTEUR CIRCUIT CC POUR MONTAGE MURAL 3 CIRCUITS 70KW 8718599379<\/p>","protected":false},"featured_media":21037,"comment_status":"open","ping_status":"closed","template":"","meta":[],"product_brand":[],"product_cat":[9489],"product_tag":[],"class_list":{"0":"post-15211","1":"product","2":"type-product","3":"status-publish","4":"has-post-thumbnail","6":"product_cat-accessoire-de-raccordement-bosch","7":"pa_marque-bosch","9":"first","10":"instock","11":"sale","12":"taxable","13":"shipping-taxable","14":"purchasable","15":"product-type-simple"},"aioseo_notices":[],"_links":{"self":[{"href":"https:\/\/promochaudiere.be\/nl\/wp-json\/wp\/v2\/product\/15211","targetHints":{"allow":["GET"]}}],"collection":[{"href":"https:\/\/promochaudiere.be\/nl\/wp-json\/wp\/v2\/product"}],"about":[{"href":"https:\/\/promochaudiere.be\/nl\/wp-json\/wp\/v2\/types\/product"}],"replies":[{"embeddable":true,"href":"https:\/\/promochaudiere.be\/nl\/wp-json\/wp\/v2\/comments?post=15211"}],"version-history":[{"count":1,"href":"https:\/\/promochaudiere.be\/nl\/wp-json\/wp\/v2\/product\/15211\/revisions"}],"predecessor-version":[{"id":45002,"href":"https:\/\/promochaudiere.be\/nl\/wp-json\/wp\/v2\/product\/15211\/revisions\/45002"}],"wp:featuredmedia":[{"embeddable":true,"href":"https:\/\/promochaudiere.be\/nl\/wp-json\/wp\/v2\/media\/21037"}],"wp:attachment":[{"href":"https:\/\/promochaudiere.be\/nl\/wp-json\/wp\/v2\/media?parent=15211"}],"wp:term":[{"taxonomy":"product_brand","embeddable":true,"href":"https:\/\/promochaudiere.be\/nl\/wp-json\/wp\/v2\/product_brand?post=15211"},{"taxonomy":"product_cat","embeddable":true,"href":"https:\/\/promochaudiere.be\/nl\/wp-json\/wp\/v2\/product_cat?post=15211"},{"taxonomy":"product_tag","embeddable":true,"href":"https:\/\/promochaudiere.be\/nl\/wp-json\/wp\/v2\/product_tag?post=15211"}],"curies":[{"name":"wp","href":"https:\/\/api.w.org\/{rel}","templated":true}]}}