{"id":15215,"date":"2025-01-17T09:57:47","date_gmt":"2025-01-17T09:57:47","guid":{"rendered":"https:\/\/promochaudiere.be\/produit\/vasco-collecteur-poutre-sol-pour-gaines-dair-pour-beton-8x75mm-11ve40353\/"},"modified":"2026-02-03T19:40:07","modified_gmt":"2026-02-03T18:40:07","slug":"vasco-collecteur-poutre-sol-pour-gaines-dair-pour-beton-8x75mm-11ve40353","status":"publish","type":"product","link":"https:\/\/promochaudiere.be\/nl\/product\/vasco-collecteur-poutre-sol-pour-gaines-dair-pour-beton-8x75mm-11ve40353\/","title":{"rendered":"VASCO COLLECTEUR POUTRE SOL POUR GAINES D&rsquo;AIR POUR BETON 8X75MM 11VE40353"},"content":{"rendered":"<p>Ce collecteur Vasco est con\u00e7u pour faciliter la distribution de l\u2019air dans les r\u00e9seaux de ventilation au sol. Il assure une r\u00e9partition homog\u00e8ne et une meilleure efficacit\u00e9 du syst\u00e8me. Son mat\u00e9riau haute r\u00e9sistance garantit une durabilit\u00e9 accrue. Facile \u00e0 int\u00e9grer aux syst\u00e8mes existants, il optimise la gestion des flux d\u2019air. Un accessoire indispensable pour un rendement maximal.<\/p>","protected":false},"excerpt":{"rendered":"<p>VASCO COLLECTEUR POUTRE SOL POUR GAINES D&rsquo;AIR POUR BETON 8X75MM 11VE40353<\/p>","protected":false},"featured_media":21205,"comment_status":"open","ping_status":"closed","template":"","meta":[],"product_brand":[],"product_cat":[2791],"product_tag":[],"class_list":{"0":"post-15215","1":"product","2":"type-product","3":"status-publish","4":"has-post-thumbnail","6":"product_cat-accessoires-de-ventilation","7":"pa_marque-vasco","9":"first","10":"instock","11":"sale","12":"taxable","13":"shipping-taxable","14":"purchasable","15":"product-type-simple"},"aioseo_notices":[],"_links":{"self":[{"href":"https:\/\/promochaudiere.be\/nl\/wp-json\/wp\/v2\/product\/15215","targetHints":{"allow":["GET"]}}],"collection":[{"href":"https:\/\/promochaudiere.be\/nl\/wp-json\/wp\/v2\/product"}],"about":[{"href":"https:\/\/promochaudiere.be\/nl\/wp-json\/wp\/v2\/types\/product"}],"replies":[{"embeddable":true,"href":"https:\/\/promochaudiere.be\/nl\/wp-json\/wp\/v2\/comments?post=15215"}],"version-history":[{"count":1,"href":"https:\/\/promochaudiere.be\/nl\/wp-json\/wp\/v2\/product\/15215\/revisions"}],"predecessor-version":[{"id":52866,"href":"https:\/\/promochaudiere.be\/nl\/wp-json\/wp\/v2\/product\/15215\/revisions\/52866"}],"wp:featuredmedia":[{"embeddable":true,"href":"https:\/\/promochaudiere.be\/nl\/wp-json\/wp\/v2\/media\/21205"}],"wp:attachment":[{"href":"https:\/\/promochaudiere.be\/nl\/wp-json\/wp\/v2\/media?parent=15215"}],"wp:term":[{"taxonomy":"product_brand","embeddable":true,"href":"https:\/\/promochaudiere.be\/nl\/wp-json\/wp\/v2\/product_brand?post=15215"},{"taxonomy":"product_cat","embeddable":true,"href":"https:\/\/promochaudiere.be\/nl\/wp-json\/wp\/v2\/product_cat?post=15215"},{"taxonomy":"product_tag","embeddable":true,"href":"https:\/\/promochaudiere.be\/nl\/wp-json\/wp\/v2\/product_tag?post=15215"}],"curies":[{"name":"wp","href":"https:\/\/api.w.org\/{rel}","templated":true}]}}