{"id":15216,"date":"2025-01-17T09:57:47","date_gmt":"2025-01-17T09:57:47","guid":{"rendered":"https:\/\/promochaudiere.be\/produit\/bulex-pompe-haute-efficacite-pour-thermomaster-0010030657\/"},"modified":"2026-02-03T18:16:22","modified_gmt":"2026-02-03T17:16:22","slug":"bulex-pompe-haute-efficacite-pour-thermomaster-0010030657","status":"publish","type":"product","link":"https:\/\/promochaudiere.be\/nl\/product\/bulex-pompe-haute-efficacite-pour-thermomaster-0010030657\/","title":{"rendered":"Bulex POMPE HAUTE EFFICACIT\u00c9 POUR THERMOMASTER 0010030657"},"content":{"rendered":"<p>Cette pompe Bulex est adapt\u00e9e aux chaudi\u00e8res Thermomaster, garantissant une circulation efficace de l\u2019eau chaude. Son moteur haute efficacit\u00e9 r\u00e9duit la consommation d\u2019\u00e9nergie et am\u00e9liore le rendement thermique. Facile \u00e0 int\u00e9grer dans les syst\u00e8mes existants, elle assure un fonctionnement fiable et silencieux. Un excellent choix pour am\u00e9liorer les performances du chauffage. Id\u00e9ale pour les installations domestiques et professionnelles.<\/p>","protected":false},"excerpt":{"rendered":"<p>Bulex POMPE HAUTE EFFICACIT\u00c9 POUR THERMOMASTER 0010030657<\/p>","protected":false},"featured_media":21939,"comment_status":"open","ping_status":"closed","template":"","meta":[],"product_brand":[],"product_cat":[9507,8840],"product_tag":[],"class_list":{"0":"post-15216","1":"product","2":"type-product","3":"status-publish","4":"has-post-thumbnail","6":"product_cat-pieces-detachees-bulex","7":"product_cat-test","8":"pa_marque-bulex","10":"first","11":"instock","12":"sale","13":"taxable","14":"shipping-taxable","15":"purchasable","16":"product-type-simple"},"aioseo_notices":[],"_links":{"self":[{"href":"https:\/\/promochaudiere.be\/nl\/wp-json\/wp\/v2\/product\/15216","targetHints":{"allow":["GET"]}}],"collection":[{"href":"https:\/\/promochaudiere.be\/nl\/wp-json\/wp\/v2\/product"}],"about":[{"href":"https:\/\/promochaudiere.be\/nl\/wp-json\/wp\/v2\/types\/product"}],"replies":[{"embeddable":true,"href":"https:\/\/promochaudiere.be\/nl\/wp-json\/wp\/v2\/comments?post=15216"}],"version-history":[{"count":1,"href":"https:\/\/promochaudiere.be\/nl\/wp-json\/wp\/v2\/product\/15216\/revisions"}],"predecessor-version":[{"id":44998,"href":"https:\/\/promochaudiere.be\/nl\/wp-json\/wp\/v2\/product\/15216\/revisions\/44998"}],"wp:featuredmedia":[{"embeddable":true,"href":"https:\/\/promochaudiere.be\/nl\/wp-json\/wp\/v2\/media\/21939"}],"wp:attachment":[{"href":"https:\/\/promochaudiere.be\/nl\/wp-json\/wp\/v2\/media?parent=15216"}],"wp:term":[{"taxonomy":"product_brand","embeddable":true,"href":"https:\/\/promochaudiere.be\/nl\/wp-json\/wp\/v2\/product_brand?post=15216"},{"taxonomy":"product_cat","embeddable":true,"href":"https:\/\/promochaudiere.be\/nl\/wp-json\/wp\/v2\/product_cat?post=15216"},{"taxonomy":"product_tag","embeddable":true,"href":"https:\/\/promochaudiere.be\/nl\/wp-json\/wp\/v2\/product_tag?post=15216"}],"curies":[{"name":"wp","href":"https:\/\/api.w.org\/{rel}","templated":true}]}}