{"id":15217,"date":"2025-01-17T09:57:48","date_gmt":"2025-01-17T09:57:48","guid":{"rendered":"https:\/\/promochaudiere.be\/produit\/bulex-pompe-s1053200\/"},"modified":"2026-02-03T18:16:22","modified_gmt":"2026-02-03T17:16:22","slug":"bulex-pompe-s1053200","status":"publish","type":"product","link":"https:\/\/promochaudiere.be\/nl\/product\/bulex-pompe-s1053200\/","title":{"rendered":"Bulex Pompe S1053200"},"content":{"rendered":"<p>Cette pompe Bulex assure une circulation fluide et homog\u00e8ne de l\u2019eau dans les circuits de chauffage. Son moteur robuste garantit une consommation \u00e9nerg\u00e9tique r\u00e9duite et une performance durable. Elle permet d\u2019am\u00e9liorer le confort thermique en r\u00e9partissant uniform\u00e9ment la chaleur. Compatible avec plusieurs chaudi\u00e8res Bulex, elle s\u2019installe facilement. Une pi\u00e8ce essentielle pour optimiser le rendement du chauffage.<\/p>","protected":false},"excerpt":{"rendered":"<p>Bulex Pompe S1053200<\/p>","protected":false},"featured_media":21069,"comment_status":"open","ping_status":"closed","template":"","meta":[],"product_brand":[],"product_cat":[9507],"product_tag":[],"class_list":{"0":"post-15217","1":"product","2":"type-product","3":"status-publish","4":"has-post-thumbnail","6":"product_cat-pieces-detachees-bulex","7":"pa_marque-bulex","9":"first","10":"instock","11":"sale","12":"taxable","13":"shipping-taxable","14":"purchasable","15":"product-type-simple"},"aioseo_notices":[],"_links":{"self":[{"href":"https:\/\/promochaudiere.be\/nl\/wp-json\/wp\/v2\/product\/15217","targetHints":{"allow":["GET"]}}],"collection":[{"href":"https:\/\/promochaudiere.be\/nl\/wp-json\/wp\/v2\/product"}],"about":[{"href":"https:\/\/promochaudiere.be\/nl\/wp-json\/wp\/v2\/types\/product"}],"replies":[{"embeddable":true,"href":"https:\/\/promochaudiere.be\/nl\/wp-json\/wp\/v2\/comments?post=15217"}],"version-history":[{"count":1,"href":"https:\/\/promochaudiere.be\/nl\/wp-json\/wp\/v2\/product\/15217\/revisions"}],"predecessor-version":[{"id":44996,"href":"https:\/\/promochaudiere.be\/nl\/wp-json\/wp\/v2\/product\/15217\/revisions\/44996"}],"wp:featuredmedia":[{"embeddable":true,"href":"https:\/\/promochaudiere.be\/nl\/wp-json\/wp\/v2\/media\/21069"}],"wp:attachment":[{"href":"https:\/\/promochaudiere.be\/nl\/wp-json\/wp\/v2\/media?parent=15217"}],"wp:term":[{"taxonomy":"product_brand","embeddable":true,"href":"https:\/\/promochaudiere.be\/nl\/wp-json\/wp\/v2\/product_brand?post=15217"},{"taxonomy":"product_cat","embeddable":true,"href":"https:\/\/promochaudiere.be\/nl\/wp-json\/wp\/v2\/product_cat?post=15217"},{"taxonomy":"product_tag","embeddable":true,"href":"https:\/\/promochaudiere.be\/nl\/wp-json\/wp\/v2\/product_tag?post=15217"}],"curies":[{"name":"wp","href":"https:\/\/api.w.org\/{rel}","templated":true}]}}