{"id":15220,"date":"2025-01-17T09:57:49","date_gmt":"2025-01-17T09:57:49","guid":{"rendered":"https:\/\/promochaudiere.be\/produit\/devidoir-fixe-deco-d-3-4-20m-8922315\/"},"modified":"2026-02-03T18:16:21","modified_gmt":"2026-02-03T17:16:21","slug":"devidoir-fixe-deco-d-3-4-20m-8922315","status":"publish","type":"product","link":"https:\/\/promochaudiere.be\/nl\/product\/devidoir-fixe-deco-d-3-4-20m-8922315\/","title":{"rendered":"DEVIDOIR FIXE DECO D 3\/4&Prime;-20M 8922315"},"content":{"rendered":"<p>Le d\u00e9vidoir fixe DECO D est con\u00e7u pour un rangement pratique et efficace de votre tuyau d\u2019arrosage. Avec une capacit\u00e9 de 20 m\u00e8tres et un diam\u00e8tre de 3\/4&Prime;, il assure une distribution fluide de l\u2019eau. Son installation murale permet un gain de place optimal et un acc\u00e8s facile. Fabriqu\u00e9 en mat\u00e9riaux r\u00e9sistants, il garantit une durabilit\u00e9 exceptionnelle. Id\u00e9al pour les jardins et les espaces verts, il offre un confort d\u2019utilisation optimal. Une solution robuste et pratique pour g\u00e9rer votre arrosage.<\/p>","protected":false},"excerpt":{"rendered":"<p>DEVIDOIR FIXE DECO D 3\/4&Prime;-20M 8922315<\/p>","protected":false},"featured_media":21115,"comment_status":"open","ping_status":"closed","template":"","meta":[],"product_brand":[],"product_cat":[5551],"product_tag":[],"class_list":{"0":"post-15220","1":"product","2":"type-product","3":"status-publish","4":"has-post-thumbnail","6":"product_cat-protection-incendie","8":"first","9":"instock","10":"sale","11":"taxable","12":"shipping-taxable","13":"purchasable","14":"product-type-simple"},"aioseo_notices":[],"_links":{"self":[{"href":"https:\/\/promochaudiere.be\/nl\/wp-json\/wp\/v2\/product\/15220","targetHints":{"allow":["GET"]}}],"collection":[{"href":"https:\/\/promochaudiere.be\/nl\/wp-json\/wp\/v2\/product"}],"about":[{"href":"https:\/\/promochaudiere.be\/nl\/wp-json\/wp\/v2\/types\/product"}],"replies":[{"embeddable":true,"href":"https:\/\/promochaudiere.be\/nl\/wp-json\/wp\/v2\/comments?post=15220"}],"version-history":[{"count":1,"href":"https:\/\/promochaudiere.be\/nl\/wp-json\/wp\/v2\/product\/15220\/revisions"}],"predecessor-version":[{"id":52864,"href":"https:\/\/promochaudiere.be\/nl\/wp-json\/wp\/v2\/product\/15220\/revisions\/52864"}],"wp:featuredmedia":[{"embeddable":true,"href":"https:\/\/promochaudiere.be\/nl\/wp-json\/wp\/v2\/media\/21115"}],"wp:attachment":[{"href":"https:\/\/promochaudiere.be\/nl\/wp-json\/wp\/v2\/media?parent=15220"}],"wp:term":[{"taxonomy":"product_brand","embeddable":true,"href":"https:\/\/promochaudiere.be\/nl\/wp-json\/wp\/v2\/product_brand?post=15220"},{"taxonomy":"product_cat","embeddable":true,"href":"https:\/\/promochaudiere.be\/nl\/wp-json\/wp\/v2\/product_cat?post=15220"},{"taxonomy":"product_tag","embeddable":true,"href":"https:\/\/promochaudiere.be\/nl\/wp-json\/wp\/v2\/product_tag?post=15220"}],"curies":[{"name":"wp","href":"https:\/\/api.w.org\/{rel}","templated":true}]}}