{"id":15223,"date":"2025-01-17T09:57:51","date_gmt":"2025-01-17T09:57:51","guid":{"rendered":"https:\/\/promochaudiere.be\/produit\/bosch-set-k30rf-module-wifi-pour-pompe-a-chaleur-split-8750742716\/"},"modified":"2026-02-03T18:16:24","modified_gmt":"2026-02-03T17:16:24","slug":"bosch-set-k30rf-module-wifi-pour-pompe-a-chaleur-split-8750742716","status":"publish","type":"product","link":"https:\/\/promochaudiere.be\/nl\/product\/bosch-set-k30rf-module-wifi-pour-pompe-a-chaleur-split-8750742716\/","title":{"rendered":"BOSCH SET K30RF MODULE WIFI POUR POMPE A CHALEUR SPLIT 8750742716"},"content":{"rendered":"<p>Le module WiFi Bosch K30RF est con\u00e7u pour connecter votre pompe \u00e0 chaleur \u00e0 distance et faciliter son contr\u00f4le. Gr\u00e2ce \u00e0 sa technologie avanc\u00e9e, il permet une gestion intelligente de la temp\u00e9rature et une optimisation de la consommation \u00e9nerg\u00e9tique. Son installation rapide et intuitive le rend accessible \u00e0 tous. Compatible avec plusieurs syst\u00e8mes Bosch, il offre une r\u00e9gulation efficace et un confort am\u00e9lior\u00e9. Une solution moderne pour une maison connect\u00e9e et \u00e9conome en \u00e9nergie.<\/p>","protected":false},"excerpt":{"rendered":"<p>BOSCH SET K30RF MODULE WIFI POUR POMPE A CHALEUR SPLIT 8750742716<\/p>","protected":false},"featured_media":21168,"comment_status":"open","ping_status":"closed","template":"","meta":[],"product_brand":[],"product_cat":[578],"product_tag":[],"class_list":{"0":"post-15223","1":"product","2":"type-product","3":"status-publish","4":"has-post-thumbnail","6":"product_cat-thermostat-bosch-fr","7":"pa_marque-bosch","9":"first","10":"instock","11":"sale","12":"taxable","13":"shipping-taxable","14":"purchasable","15":"product-type-simple"},"aioseo_notices":[],"_links":{"self":[{"href":"https:\/\/promochaudiere.be\/nl\/wp-json\/wp\/v2\/product\/15223","targetHints":{"allow":["GET"]}}],"collection":[{"href":"https:\/\/promochaudiere.be\/nl\/wp-json\/wp\/v2\/product"}],"about":[{"href":"https:\/\/promochaudiere.be\/nl\/wp-json\/wp\/v2\/types\/product"}],"replies":[{"embeddable":true,"href":"https:\/\/promochaudiere.be\/nl\/wp-json\/wp\/v2\/comments?post=15223"}],"version-history":[{"count":1,"href":"https:\/\/promochaudiere.be\/nl\/wp-json\/wp\/v2\/product\/15223\/revisions"}],"predecessor-version":[{"id":44992,"href":"https:\/\/promochaudiere.be\/nl\/wp-json\/wp\/v2\/product\/15223\/revisions\/44992"}],"wp:featuredmedia":[{"embeddable":true,"href":"https:\/\/promochaudiere.be\/nl\/wp-json\/wp\/v2\/media\/21168"}],"wp:attachment":[{"href":"https:\/\/promochaudiere.be\/nl\/wp-json\/wp\/v2\/media?parent=15223"}],"wp:term":[{"taxonomy":"product_brand","embeddable":true,"href":"https:\/\/promochaudiere.be\/nl\/wp-json\/wp\/v2\/product_brand?post=15223"},{"taxonomy":"product_cat","embeddable":true,"href":"https:\/\/promochaudiere.be\/nl\/wp-json\/wp\/v2\/product_cat?post=15223"},{"taxonomy":"product_tag","embeddable":true,"href":"https:\/\/promochaudiere.be\/nl\/wp-json\/wp\/v2\/product_tag?post=15223"}],"curies":[{"name":"wp","href":"https:\/\/api.w.org\/{rel}","templated":true}]}}