{"id":15230,"date":"2025-01-17T09:57:54","date_gmt":"2025-01-17T09:57:54","guid":{"rendered":"https:\/\/promochaudiere.be\/produit\/vaillant-pompe-8000011227\/"},"modified":"2026-02-03T19:40:07","modified_gmt":"2026-02-03T18:40:07","slug":"vaillant-pompe-8000011227","status":"publish","type":"product","link":"https:\/\/promochaudiere.be\/nl\/product\/vaillant-pompe-8000011227\/","title":{"rendered":"VAILLANT POMPE 8000011227"},"content":{"rendered":"<p>Cette pompe Vaillant est con\u00e7ue pour assurer une circulation fluide et homog\u00e8ne de l\u2019eau dans les circuits de chauffage. Son moteur performant garantit un fonctionnement silencieux et \u00e9conome en \u00e9nergie. Facile \u00e0 installer, elle am\u00e9liore la r\u00e9partition de la chaleur et r\u00e9duit la consommation \u00e9nerg\u00e9tique. Un \u00e9quipement fiable et durable pour optimiser le rendement thermique des chaudi\u00e8res.<\/p>","protected":false},"excerpt":{"rendered":"<p>VAILLANT POMPE 8000011227<\/p>","protected":false},"featured_media":21064,"comment_status":"open","ping_status":"closed","template":"","meta":[],"product_brand":[],"product_cat":[8917],"product_tag":[],"class_list":{"0":"post-15230","1":"product","2":"type-product","3":"status-publish","4":"has-post-thumbnail","6":"product_cat-pieces-detachees-vaillant","7":"pa_marque-vaillant","9":"first","10":"instock","11":"sale","12":"taxable","13":"shipping-taxable","14":"purchasable","15":"product-type-simple"},"aioseo_notices":[],"_links":{"self":[{"href":"https:\/\/promochaudiere.be\/nl\/wp-json\/wp\/v2\/product\/15230","targetHints":{"allow":["GET"]}}],"collection":[{"href":"https:\/\/promochaudiere.be\/nl\/wp-json\/wp\/v2\/product"}],"about":[{"href":"https:\/\/promochaudiere.be\/nl\/wp-json\/wp\/v2\/types\/product"}],"replies":[{"embeddable":true,"href":"https:\/\/promochaudiere.be\/nl\/wp-json\/wp\/v2\/comments?post=15230"}],"version-history":[{"count":1,"href":"https:\/\/promochaudiere.be\/nl\/wp-json\/wp\/v2\/product\/15230\/revisions"}],"predecessor-version":[{"id":52863,"href":"https:\/\/promochaudiere.be\/nl\/wp-json\/wp\/v2\/product\/15230\/revisions\/52863"}],"wp:featuredmedia":[{"embeddable":true,"href":"https:\/\/promochaudiere.be\/nl\/wp-json\/wp\/v2\/media\/21064"}],"wp:attachment":[{"href":"https:\/\/promochaudiere.be\/nl\/wp-json\/wp\/v2\/media?parent=15230"}],"wp:term":[{"taxonomy":"product_brand","embeddable":true,"href":"https:\/\/promochaudiere.be\/nl\/wp-json\/wp\/v2\/product_brand?post=15230"},{"taxonomy":"product_cat","embeddable":true,"href":"https:\/\/promochaudiere.be\/nl\/wp-json\/wp\/v2\/product_cat?post=15230"},{"taxonomy":"product_tag","embeddable":true,"href":"https:\/\/promochaudiere.be\/nl\/wp-json\/wp\/v2\/product_tag?post=15230"}],"curies":[{"name":"wp","href":"https:\/\/api.w.org\/{rel}","templated":true}]}}