{"id":15232,"date":"2025-01-17T09:57:54","date_gmt":"2025-01-17T09:57:54","guid":{"rendered":"https:\/\/promochaudiere.be\/produit\/vaillant-echangeur-de-chaleur-de-38-plaques-vuw362-2-32-5-065132\/"},"modified":"2026-02-03T18:16:24","modified_gmt":"2026-02-03T17:16:24","slug":"vaillant-echangeur-de-chaleur-de-38-plaques-vuw362-2-32-5-065132","status":"publish","type":"product","link":"https:\/\/promochaudiere.be\/nl\/product\/vaillant-echangeur-de-chaleur-de-38-plaques-vuw362-2-32-5-065132\/","title":{"rendered":"Vaillant \u00e9changeur de chaleur de 38 plaques VUW362\/2-3,2-5  065132"},"content":{"rendered":"<p>Cet \u00e9changeur de chaleur Vaillant \u00e0 38 plaques est con\u00e7u pour une efficacit\u00e9 thermique maximale. Il garantit une mont\u00e9e rapide en temp\u00e9rature et un rendement \u00e9nerg\u00e9tique optimal. Fabriqu\u00e9 en acier inoxydable, il r\u00e9siste \u00e0 la corrosion et assure une longue dur\u00e9e de vie. Facile \u00e0 installer, il am\u00e9liore les performances du chauffage.<\/p>","protected":false},"excerpt":{"rendered":"<p>Vaillant \u00e9changeur de chaleur de 38 plaques VUW362\/2-3,2-5  065132<\/p>","protected":false},"featured_media":21878,"comment_status":"open","ping_status":"closed","template":"","meta":[],"product_brand":[],"product_cat":[8917,8840],"product_tag":[],"class_list":{"0":"post-15232","1":"product","2":"type-product","3":"status-publish","4":"has-post-thumbnail","6":"product_cat-pieces-detachees-vaillant","7":"product_cat-test","8":"pa_marque-vaillant","10":"first","11":"instock","12":"sale","13":"taxable","14":"shipping-taxable","15":"purchasable","16":"product-type-simple"},"aioseo_notices":[],"_links":{"self":[{"href":"https:\/\/promochaudiere.be\/nl\/wp-json\/wp\/v2\/product\/15232","targetHints":{"allow":["GET"]}}],"collection":[{"href":"https:\/\/promochaudiere.be\/nl\/wp-json\/wp\/v2\/product"}],"about":[{"href":"https:\/\/promochaudiere.be\/nl\/wp-json\/wp\/v2\/types\/product"}],"replies":[{"embeddable":true,"href":"https:\/\/promochaudiere.be\/nl\/wp-json\/wp\/v2\/comments?post=15232"}],"version-history":[{"count":1,"href":"https:\/\/promochaudiere.be\/nl\/wp-json\/wp\/v2\/product\/15232\/revisions"}],"predecessor-version":[{"id":52861,"href":"https:\/\/promochaudiere.be\/nl\/wp-json\/wp\/v2\/product\/15232\/revisions\/52861"}],"wp:featuredmedia":[{"embeddable":true,"href":"https:\/\/promochaudiere.be\/nl\/wp-json\/wp\/v2\/media\/21878"}],"wp:attachment":[{"href":"https:\/\/promochaudiere.be\/nl\/wp-json\/wp\/v2\/media?parent=15232"}],"wp:term":[{"taxonomy":"product_brand","embeddable":true,"href":"https:\/\/promochaudiere.be\/nl\/wp-json\/wp\/v2\/product_brand?post=15232"},{"taxonomy":"product_cat","embeddable":true,"href":"https:\/\/promochaudiere.be\/nl\/wp-json\/wp\/v2\/product_cat?post=15232"},{"taxonomy":"product_tag","embeddable":true,"href":"https:\/\/promochaudiere.be\/nl\/wp-json\/wp\/v2\/product_tag?post=15232"}],"curies":[{"name":"wp","href":"https:\/\/api.w.org\/{rel}","templated":true}]}}