{"id":15233,"date":"2025-01-17T09:57:55","date_gmt":"2025-01-17T09:57:55","guid":{"rendered":"https:\/\/promochaudiere.be\/produit\/comap-meibes-collecteur-32-m663013\/"},"modified":"2026-02-03T18:16:26","modified_gmt":"2026-02-03T17:16:26","slug":"meibes-collecteur-32-m663013","status":"publish","type":"product","link":"https:\/\/promochaudiere.be\/nl\/product\/meibes-collecteur-32-m663013\/","title":{"rendered":"Meibes collecteur 3+2 M663013"},"content":{"rendered":"<p>Avec ses sorties 3+2, ce collecteur Meibes am\u00e9liore la r\u00e9partition des flux hydrauliques dans les circuits de chauffage. Son design compact facilite son int\u00e9gration dans les installations existantes. Fabriqu\u00e9 avec des mat\u00e9riaux r\u00e9sistants, il supporte les hautes temp\u00e9ratures et pressions. Il optimise l\u2019efficacit\u00e9 \u00e9nerg\u00e9tique en r\u00e9gulant la distribution des fluides. Facile \u00e0 installer, il est id\u00e9al pour les professionnels et les particuliers exigeants. Un \u00e9l\u00e9ment cl\u00e9 pour une installation performante et durable.<\/p>","protected":false},"excerpt":{"rendered":"<p>Meibes collecteur 3+2 M663013<\/p>","protected":false},"featured_media":21102,"comment_status":"open","ping_status":"closed","template":"","meta":[],"product_brand":[],"product_cat":[5541],"product_tag":[],"class_list":{"0":"post-15233","1":"product","2":"type-product","3":"status-publish","4":"has-post-thumbnail","6":"product_cat-groupe-de-pompe","7":"pa_marque-meibes","9":"first","10":"instock","11":"sale","12":"taxable","13":"shipping-taxable","14":"purchasable","15":"product-type-simple"},"aioseo_notices":[],"_links":{"self":[{"href":"https:\/\/promochaudiere.be\/nl\/wp-json\/wp\/v2\/product\/15233","targetHints":{"allow":["GET"]}}],"collection":[{"href":"https:\/\/promochaudiere.be\/nl\/wp-json\/wp\/v2\/product"}],"about":[{"href":"https:\/\/promochaudiere.be\/nl\/wp-json\/wp\/v2\/types\/product"}],"replies":[{"embeddable":true,"href":"https:\/\/promochaudiere.be\/nl\/wp-json\/wp\/v2\/comments?post=15233"}],"version-history":[{"count":1,"href":"https:\/\/promochaudiere.be\/nl\/wp-json\/wp\/v2\/product\/15233\/revisions"}],"predecessor-version":[{"id":44985,"href":"https:\/\/promochaudiere.be\/nl\/wp-json\/wp\/v2\/product\/15233\/revisions\/44985"}],"wp:featuredmedia":[{"embeddable":true,"href":"https:\/\/promochaudiere.be\/nl\/wp-json\/wp\/v2\/media\/21102"}],"wp:attachment":[{"href":"https:\/\/promochaudiere.be\/nl\/wp-json\/wp\/v2\/media?parent=15233"}],"wp:term":[{"taxonomy":"product_brand","embeddable":true,"href":"https:\/\/promochaudiere.be\/nl\/wp-json\/wp\/v2\/product_brand?post=15233"},{"taxonomy":"product_cat","embeddable":true,"href":"https:\/\/promochaudiere.be\/nl\/wp-json\/wp\/v2\/product_cat?post=15233"},{"taxonomy":"product_tag","embeddable":true,"href":"https:\/\/promochaudiere.be\/nl\/wp-json\/wp\/v2\/product_tag?post=15233"}],"curies":[{"name":"wp","href":"https:\/\/api.w.org\/{rel}","templated":true}]}}