{"id":15249,"date":"2025-01-17T09:58:02","date_gmt":"2025-01-17T09:58:02","guid":{"rendered":"https:\/\/promochaudiere.be\/produit\/devidoir-fixe-noha-saval-4-4-30m-2112157\/"},"modified":"2026-02-03T18:16:23","modified_gmt":"2026-02-03T17:16:23","slug":"devidoir-fixe-noha-saval-4-4-30m-2112157","status":"publish","type":"product","link":"https:\/\/promochaudiere.be\/nl\/product\/devidoir-fixe-noha-saval-4-4-30m-2112157\/","title":{"rendered":"DEVIDOIR FIXE NOHA SAVAL 4\/4&Prime;-30M 2112157"},"content":{"rendered":"<p>Ce d\u00e9vidoir fixe permet un acc\u00e8s rapide et efficace \u00e0 un tuyau d\u2019incendie. Il est con\u00e7u pour \u00eatre install\u00e9 dans des b\u00e2timents industriels et commerciaux. Son support robuste garantit une fixation stable et s\u00e9curis\u00e9e. Le tuyau de 30 m\u00e8tres assure une couverture \u00e9tendue en cas d\u2019urgence. Facile \u00e0 manipuler, il permet un d\u00e9roulement fluide du tuyau. Un dispositif essentiel pour la protection incendie.<\/p>","protected":false},"excerpt":{"rendered":"<p>DEVIDOIR FIXE NOHA SAVAL 4\/4&Prime;-30M 2112157<\/p>","protected":false},"featured_media":21117,"comment_status":"open","ping_status":"closed","template":"","meta":[],"product_brand":[],"product_cat":[5551],"product_tag":[],"class_list":{"0":"post-15249","1":"product","2":"type-product","3":"status-publish","4":"has-post-thumbnail","6":"product_cat-protection-incendie","8":"first","9":"instock","10":"sale","11":"taxable","12":"shipping-taxable","13":"purchasable","14":"product-type-simple"},"aioseo_notices":[],"_links":{"self":[{"href":"https:\/\/promochaudiere.be\/nl\/wp-json\/wp\/v2\/product\/15249","targetHints":{"allow":["GET"]}}],"collection":[{"href":"https:\/\/promochaudiere.be\/nl\/wp-json\/wp\/v2\/product"}],"about":[{"href":"https:\/\/promochaudiere.be\/nl\/wp-json\/wp\/v2\/types\/product"}],"replies":[{"embeddable":true,"href":"https:\/\/promochaudiere.be\/nl\/wp-json\/wp\/v2\/comments?post=15249"}],"version-history":[{"count":1,"href":"https:\/\/promochaudiere.be\/nl\/wp-json\/wp\/v2\/product\/15249\/revisions"}],"predecessor-version":[{"id":52859,"href":"https:\/\/promochaudiere.be\/nl\/wp-json\/wp\/v2\/product\/15249\/revisions\/52859"}],"wp:featuredmedia":[{"embeddable":true,"href":"https:\/\/promochaudiere.be\/nl\/wp-json\/wp\/v2\/media\/21117"}],"wp:attachment":[{"href":"https:\/\/promochaudiere.be\/nl\/wp-json\/wp\/v2\/media?parent=15249"}],"wp:term":[{"taxonomy":"product_brand","embeddable":true,"href":"https:\/\/promochaudiere.be\/nl\/wp-json\/wp\/v2\/product_brand?post=15249"},{"taxonomy":"product_cat","embeddable":true,"href":"https:\/\/promochaudiere.be\/nl\/wp-json\/wp\/v2\/product_cat?post=15249"},{"taxonomy":"product_tag","embeddable":true,"href":"https:\/\/promochaudiere.be\/nl\/wp-json\/wp\/v2\/product_tag?post=15249"}],"curies":[{"name":"wp","href":"https:\/\/api.w.org\/{rel}","templated":true}]}}