{"id":15263,"date":"2025-01-17T09:58:08","date_gmt":"2025-01-17T09:58:08","guid":{"rendered":"https:\/\/promochaudiere.be\/produit\/carte-principale-s1040000\/"},"modified":"2026-02-03T18:16:22","modified_gmt":"2026-02-03T17:16:22","slug":"carte-principale-s1040000","status":"publish","type":"product","link":"https:\/\/promochaudiere.be\/nl\/product\/carte-principale-s1040000\/","title":{"rendered":"CARTE PRINCIPALE S1040000"},"content":{"rendered":"<p>Cette carte principale est con\u00e7ue pour assurer le bon fonctionnement des chaudi\u00e8res en pilotant tous les composants \u00e9lectroniques. Elle permet une r\u00e9gulation pr\u00e9cise du chauffage et optimise la consommation \u00e9nerg\u00e9tique. Facile \u00e0 installer, elle garantit une compatibilit\u00e9 optimale avec plusieurs mod\u00e8les. Son syst\u00e8me avanc\u00e9 assure une meilleure r\u00e9activit\u00e9 du syst\u00e8me de chauffage. Un composant essentiel pour maintenir des performances optimales.<\/p>","protected":false},"excerpt":{"rendered":"<p>CARTE PRINCIPALE S1040000<\/p>","protected":false},"featured_media":21068,"comment_status":"open","ping_status":"closed","template":"","meta":[],"product_brand":[],"product_cat":[9507],"product_tag":[],"class_list":{"0":"post-15263","1":"product","2":"type-product","3":"status-publish","4":"has-post-thumbnail","6":"product_cat-pieces-detachees-bulex","7":"pa_marque-bulex","9":"first","10":"instock","11":"sale","12":"taxable","13":"shipping-taxable","14":"purchasable","15":"product-type-simple"},"aioseo_notices":[],"_links":{"self":[{"href":"https:\/\/promochaudiere.be\/nl\/wp-json\/wp\/v2\/product\/15263","targetHints":{"allow":["GET"]}}],"collection":[{"href":"https:\/\/promochaudiere.be\/nl\/wp-json\/wp\/v2\/product"}],"about":[{"href":"https:\/\/promochaudiere.be\/nl\/wp-json\/wp\/v2\/types\/product"}],"replies":[{"embeddable":true,"href":"https:\/\/promochaudiere.be\/nl\/wp-json\/wp\/v2\/comments?post=15263"}],"version-history":[{"count":1,"href":"https:\/\/promochaudiere.be\/nl\/wp-json\/wp\/v2\/product\/15263\/revisions"}],"predecessor-version":[{"id":44958,"href":"https:\/\/promochaudiere.be\/nl\/wp-json\/wp\/v2\/product\/15263\/revisions\/44958"}],"wp:featuredmedia":[{"embeddable":true,"href":"https:\/\/promochaudiere.be\/nl\/wp-json\/wp\/v2\/media\/21068"}],"wp:attachment":[{"href":"https:\/\/promochaudiere.be\/nl\/wp-json\/wp\/v2\/media?parent=15263"}],"wp:term":[{"taxonomy":"product_brand","embeddable":true,"href":"https:\/\/promochaudiere.be\/nl\/wp-json\/wp\/v2\/product_brand?post=15263"},{"taxonomy":"product_cat","embeddable":true,"href":"https:\/\/promochaudiere.be\/nl\/wp-json\/wp\/v2\/product_cat?post=15263"},{"taxonomy":"product_tag","embeddable":true,"href":"https:\/\/promochaudiere.be\/nl\/wp-json\/wp\/v2\/product_tag?post=15263"}],"curies":[{"name":"wp","href":"https:\/\/api.w.org\/{rel}","templated":true}]}}