{"id":15265,"date":"2025-01-17T09:58:09","date_gmt":"2025-01-17T09:58:09","guid":{"rendered":"https:\/\/promochaudiere.be\/produit\/comfonet-sensor-co2-c67-integre-655000880\/"},"modified":"2026-02-03T18:16:15","modified_gmt":"2026-02-03T17:16:15","slug":"comfonet-sensor-co2-c67-integre-655000880","status":"publish","type":"product","link":"https:\/\/promochaudiere.be\/nl\/product\/comfonet-sensor-co2-c67-integre-655000880\/","title":{"rendered":"COMFONET SENSOR CO2 C67 &#8211; INT\u00c9GR\u00c9 655000880"},"content":{"rendered":"<p>Ce capteur CO2 int\u00e9gr\u00e9 permet une surveillance pr\u00e9cise de la qualit\u00e9 de l\u2019air int\u00e9rieur. Il d\u00e9tecte en temps r\u00e9el les variations de concentration de dioxyde de carbone. Son installation est simple et s\u2019int\u00e8gre facilement aux syst\u00e8mes de ventilation. Il aide \u00e0 optimiser le renouvellement de l\u2019air pour un environnement plus sain. Sa conception fiable garantit des mesures pr\u00e9cises et une longue dur\u00e9e de vie. Un outil id\u00e9al pour la gestion intelligente de l\u2019air int\u00e9rieur.<\/p>","protected":false},"excerpt":{"rendered":"<p>COMFONET SENSOR CO2 C67 &#8211; INT\u00c9GR\u00c9 655000880<\/p>","protected":false},"featured_media":21203,"comment_status":"open","ping_status":"closed","template":"","meta":[],"product_brand":[],"product_cat":[10895],"product_tag":[],"class_list":{"0":"post-15265","1":"product","2":"type-product","3":"status-publish","4":"has-post-thumbnail","6":"product_cat-accessoires-zehnder","8":"first","9":"instock","10":"sale","11":"taxable","12":"shipping-taxable","13":"purchasable","14":"product-type-simple"},"aioseo_notices":[],"_links":{"self":[{"href":"https:\/\/promochaudiere.be\/nl\/wp-json\/wp\/v2\/product\/15265","targetHints":{"allow":["GET"]}}],"collection":[{"href":"https:\/\/promochaudiere.be\/nl\/wp-json\/wp\/v2\/product"}],"about":[{"href":"https:\/\/promochaudiere.be\/nl\/wp-json\/wp\/v2\/types\/product"}],"replies":[{"embeddable":true,"href":"https:\/\/promochaudiere.be\/nl\/wp-json\/wp\/v2\/comments?post=15265"}],"version-history":[{"count":1,"href":"https:\/\/promochaudiere.be\/nl\/wp-json\/wp\/v2\/product\/15265\/revisions"}],"predecessor-version":[{"id":52858,"href":"https:\/\/promochaudiere.be\/nl\/wp-json\/wp\/v2\/product\/15265\/revisions\/52858"}],"wp:featuredmedia":[{"embeddable":true,"href":"https:\/\/promochaudiere.be\/nl\/wp-json\/wp\/v2\/media\/21203"}],"wp:attachment":[{"href":"https:\/\/promochaudiere.be\/nl\/wp-json\/wp\/v2\/media?parent=15265"}],"wp:term":[{"taxonomy":"product_brand","embeddable":true,"href":"https:\/\/promochaudiere.be\/nl\/wp-json\/wp\/v2\/product_brand?post=15265"},{"taxonomy":"product_cat","embeddable":true,"href":"https:\/\/promochaudiere.be\/nl\/wp-json\/wp\/v2\/product_cat?post=15265"},{"taxonomy":"product_tag","embeddable":true,"href":"https:\/\/promochaudiere.be\/nl\/wp-json\/wp\/v2\/product_tag?post=15265"}],"curies":[{"name":"wp","href":"https:\/\/api.w.org\/{rel}","templated":true}]}}