{"id":15266,"date":"2025-01-17T09:58:09","date_gmt":"2025-01-17T09:58:09","guid":{"rendered":"https:\/\/promochaudiere.be\/produit\/junkers-extracteur-zwbr-zsbr-zwb-zbs-8716117325\/"},"modified":"2026-02-03T18:16:21","modified_gmt":"2026-02-03T17:16:21","slug":"junkers-extracteur-zwbr-zsbr-zwb-zbs-8716117325","status":"publish","type":"product","link":"https:\/\/promochaudiere.be\/nl\/product\/junkers-extracteur-zwbr-zsbr-zwb-zbs-8716117325\/","title":{"rendered":"JUNKERS EXTRACTEUR ZWBR\/ZSBR\/ZWB\/ZBS 8716117325"},"content":{"rendered":"<p>L\u2019extracteur Junkers est sp\u00e9cialement con\u00e7u pour garantir une \u00e9vacuation efficace des fum\u00e9es et optimiser la combustion des chaudi\u00e8res. Il assure un fonctionnement silencieux et s\u00e9curis\u00e9. Facile \u00e0 installer, il contribue \u00e0 am\u00e9liorer la performance \u00e9nerg\u00e9tique des syst\u00e8mes de chauffage.<\/p>","protected":false},"excerpt":{"rendered":"<p>JUNKERS EXTRACTEUR ZWBR\/ZSBR\/ZWB\/ZBS 8716117325<\/p>","protected":false},"featured_media":21070,"comment_status":"open","ping_status":"closed","template":"","meta":[],"product_brand":[],"product_cat":[9485],"product_tag":[],"class_list":{"0":"post-15266","1":"product","2":"type-product","3":"status-publish","4":"has-post-thumbnail","6":"product_cat-pieces-detachees-bosch","7":"pa_marque-bosch","9":"first","10":"instock","11":"sale","12":"taxable","13":"shipping-taxable","14":"purchasable","15":"product-type-simple"},"aioseo_notices":[],"_links":{"self":[{"href":"https:\/\/promochaudiere.be\/nl\/wp-json\/wp\/v2\/product\/15266","targetHints":{"allow":["GET"]}}],"collection":[{"href":"https:\/\/promochaudiere.be\/nl\/wp-json\/wp\/v2\/product"}],"about":[{"href":"https:\/\/promochaudiere.be\/nl\/wp-json\/wp\/v2\/types\/product"}],"replies":[{"embeddable":true,"href":"https:\/\/promochaudiere.be\/nl\/wp-json\/wp\/v2\/comments?post=15266"}],"version-history":[{"count":1,"href":"https:\/\/promochaudiere.be\/nl\/wp-json\/wp\/v2\/product\/15266\/revisions"}],"predecessor-version":[{"id":44956,"href":"https:\/\/promochaudiere.be\/nl\/wp-json\/wp\/v2\/product\/15266\/revisions\/44956"}],"wp:featuredmedia":[{"embeddable":true,"href":"https:\/\/promochaudiere.be\/nl\/wp-json\/wp\/v2\/media\/21070"}],"wp:attachment":[{"href":"https:\/\/promochaudiere.be\/nl\/wp-json\/wp\/v2\/media?parent=15266"}],"wp:term":[{"taxonomy":"product_brand","embeddable":true,"href":"https:\/\/promochaudiere.be\/nl\/wp-json\/wp\/v2\/product_brand?post=15266"},{"taxonomy":"product_cat","embeddable":true,"href":"https:\/\/promochaudiere.be\/nl\/wp-json\/wp\/v2\/product_cat?post=15266"},{"taxonomy":"product_tag","embeddable":true,"href":"https:\/\/promochaudiere.be\/nl\/wp-json\/wp\/v2\/product_tag?post=15266"}],"curies":[{"name":"wp","href":"https:\/\/api.w.org\/{rel}","templated":true}]}}