{"id":15273,"date":"2025-01-17T09:58:12","date_gmt":"2025-01-17T09:58:12","guid":{"rendered":"https:\/\/promochaudiere.be\/produit\/daalderop-close-up-10l-puissance-2200w-classe-erp-a-hauteur-452-mm-largeur-300-mm-profondeur-285-mm-070227031\/"},"modified":"2026-02-03T18:16:29","modified_gmt":"2026-02-03T17:16:29","slug":"daalderop-close-up-10l-puissance-2200w-classe-erp-a-hauteur-452-mm-largeur-300-mm-profondeur-285-mm-070227031","status":"publish","type":"product","link":"https:\/\/promochaudiere.be\/nl\/product\/daalderop-close-up-10l-puissance-2200w-classe-erp-a-hauteur-452-mm-largeur-300-mm-profondeur-285-mm-070227031\/","title":{"rendered":"Daalderop close-up 10L puissance 2200W classe ErP A hauteur 452 mm largeur 300 mm profondeur 285 mm  070227031"},"content":{"rendered":"<p>Ce chauffe-eau \u00e9lectrique Daalderop Close-up de 10 litres assure une production rapide d\u2019eau chaude. Avec sa puissance de 2200W, il garantit un confort imm\u00e9diat. Son format compact facilite son installation dans des espaces r\u00e9duits. Il permet une \u00e9conomie d\u2019\u00e9nergie gr\u00e2ce \u00e0 son isolation optimis\u00e9e. Une solution id\u00e9ale pour les petits besoins en eau chaude.<\/p>","protected":false},"excerpt":{"rendered":"<p>Daalderop close-up 10L puissance 2200W classe ErP A hauteur 452 mm largeur 300 mm profondeur 285 mm  070227031<\/p>","protected":false},"featured_media":21696,"comment_status":"open","ping_status":"closed","template":"","meta":[],"product_brand":[],"product_cat":[5531,8840],"product_tag":[],"class_list":{"0":"post-15273","1":"product","2":"type-product","3":"status-publish","4":"has-post-thumbnail","6":"product_cat-boiler-itho-daalderop-fr","7":"product_cat-test","8":"pa_marque-itho-daalderop","10":"first","11":"instock","12":"sale","13":"taxable","14":"shipping-taxable","15":"purchasable","16":"product-type-simple"},"aioseo_notices":[],"_links":{"self":[{"href":"https:\/\/promochaudiere.be\/nl\/wp-json\/wp\/v2\/product\/15273","targetHints":{"allow":["GET"]}}],"collection":[{"href":"https:\/\/promochaudiere.be\/nl\/wp-json\/wp\/v2\/product"}],"about":[{"href":"https:\/\/promochaudiere.be\/nl\/wp-json\/wp\/v2\/types\/product"}],"replies":[{"embeddable":true,"href":"https:\/\/promochaudiere.be\/nl\/wp-json\/wp\/v2\/comments?post=15273"}],"version-history":[{"count":1,"href":"https:\/\/promochaudiere.be\/nl\/wp-json\/wp\/v2\/product\/15273\/revisions"}],"predecessor-version":[{"id":44950,"href":"https:\/\/promochaudiere.be\/nl\/wp-json\/wp\/v2\/product\/15273\/revisions\/44950"}],"wp:featuredmedia":[{"embeddable":true,"href":"https:\/\/promochaudiere.be\/nl\/wp-json\/wp\/v2\/media\/21696"}],"wp:attachment":[{"href":"https:\/\/promochaudiere.be\/nl\/wp-json\/wp\/v2\/media?parent=15273"}],"wp:term":[{"taxonomy":"product_brand","embeddable":true,"href":"https:\/\/promochaudiere.be\/nl\/wp-json\/wp\/v2\/product_brand?post=15273"},{"taxonomy":"product_cat","embeddable":true,"href":"https:\/\/promochaudiere.be\/nl\/wp-json\/wp\/v2\/product_cat?post=15273"},{"taxonomy":"product_tag","embeddable":true,"href":"https:\/\/promochaudiere.be\/nl\/wp-json\/wp\/v2\/product_tag?post=15273"}],"curies":[{"name":"wp","href":"https:\/\/api.w.org\/{rel}","templated":true}]}}