{"id":15274,"date":"2025-01-17T09:58:13","date_gmt":"2025-01-17T09:58:13","guid":{"rendered":"https:\/\/promochaudiere.be\/produit\/daalderop-close-in-10l-puissance-2200w-classe-erp-a-hauteur-425-mm-largeur-300-mm-profondeur-285-mm-070227631\/"},"modified":"2026-02-03T18:16:32","modified_gmt":"2026-02-03T17:16:32","slug":"daalderop-close-in-10l-puissance-2200w-classe-erp-a-hauteur-425-mm-largeur-300-mm-profondeur-285-mm-070227631","status":"publish","type":"product","link":"https:\/\/promochaudiere.be\/nl\/product\/daalderop-close-in-10l-puissance-2200w-classe-erp-a-hauteur-425-mm-largeur-300-mm-profondeur-285-mm-070227631\/","title":{"rendered":"Daalderop close-in 10L puissance 2200W classe ErP A hauteur 425 mm largeur 300 mm profondeur 285 mm  070227631"},"content":{"rendered":"<p>Ce mod\u00e8le Daalderop Close-in de 10 litres est con\u00e7u pour fournir de l\u2019eau chaude instantan\u00e9ment. Il se distingue par sa faible consommation \u00e9nerg\u00e9tique et son efficacit\u00e9 thermique. Son installation sous \u00e9vier optimise l\u2019espace disponible. Parfait pour les petits foyers et les bureaux. Une solution pratique et \u00e9conomique.<\/p>","protected":false},"excerpt":{"rendered":"<p>Daalderop close-in 10L puissance 2200W classe ErP A hauteur 425 mm largeur 300 mm profondeur 285 mm  070227631<\/p>","protected":false},"featured_media":21775,"comment_status":"open","ping_status":"closed","template":"","meta":[],"product_brand":[],"product_cat":[5531,8840],"product_tag":[],"class_list":{"0":"post-15274","1":"product","2":"type-product","3":"status-publish","4":"has-post-thumbnail","6":"product_cat-boiler-itho-daalderop-fr","7":"product_cat-test","8":"pa_marque-itho-daalderop","10":"first","11":"instock","12":"sale","13":"taxable","14":"shipping-taxable","15":"purchasable","16":"product-type-simple"},"aioseo_notices":[],"_links":{"self":[{"href":"https:\/\/promochaudiere.be\/nl\/wp-json\/wp\/v2\/product\/15274","targetHints":{"allow":["GET"]}}],"collection":[{"href":"https:\/\/promochaudiere.be\/nl\/wp-json\/wp\/v2\/product"}],"about":[{"href":"https:\/\/promochaudiere.be\/nl\/wp-json\/wp\/v2\/types\/product"}],"replies":[{"embeddable":true,"href":"https:\/\/promochaudiere.be\/nl\/wp-json\/wp\/v2\/comments?post=15274"}],"version-history":[{"count":1,"href":"https:\/\/promochaudiere.be\/nl\/wp-json\/wp\/v2\/product\/15274\/revisions"}],"predecessor-version":[{"id":44946,"href":"https:\/\/promochaudiere.be\/nl\/wp-json\/wp\/v2\/product\/15274\/revisions\/44946"}],"wp:featuredmedia":[{"embeddable":true,"href":"https:\/\/promochaudiere.be\/nl\/wp-json\/wp\/v2\/media\/21775"}],"wp:attachment":[{"href":"https:\/\/promochaudiere.be\/nl\/wp-json\/wp\/v2\/media?parent=15274"}],"wp:term":[{"taxonomy":"product_brand","embeddable":true,"href":"https:\/\/promochaudiere.be\/nl\/wp-json\/wp\/v2\/product_brand?post=15274"},{"taxonomy":"product_cat","embeddable":true,"href":"https:\/\/promochaudiere.be\/nl\/wp-json\/wp\/v2\/product_cat?post=15274"},{"taxonomy":"product_tag","embeddable":true,"href":"https:\/\/promochaudiere.be\/nl\/wp-json\/wp\/v2\/product_tag?post=15274"}],"curies":[{"name":"wp","href":"https:\/\/api.w.org\/{rel}","templated":true}]}}