{"id":15278,"date":"2025-01-17T09:58:14","date_gmt":"2025-01-17T09:58:14","guid":{"rendered":"https:\/\/promochaudiere.be\/produit\/dab-aquajet-horizontal-monte-82m-20h-60213199h\/"},"modified":"2026-02-03T18:16:25","modified_gmt":"2026-02-03T17:16:25","slug":"dab-aquajet-horizontal-monte-82m-20h-60213199h","status":"publish","type":"product","link":"https:\/\/promochaudiere.be\/nl\/product\/dab-aquajet-horizontal-monte-82m-20h-60213199h\/","title":{"rendered":"DAB Aquajet horizontal monte 82m-20h 60213199H"},"content":{"rendered":"<p>Ce syst\u00e8me de surpression assure un d\u00e9bit constant et efficace pour l\u2019alimentation en eau. Il est con\u00e7u pour r\u00e9pondre aux besoins domestiques et industriels. Sa pompe performante garantit une pression stable sur une hauteur de 82 m\u00e8tres. Facile \u00e0 installer, il s\u2019int\u00e8gre aux circuits hydrauliques existants. Son moteur robuste assure une long\u00e9vit\u00e9 et une consommation \u00e9nerg\u00e9tique optimis\u00e9e. Une solution fiable pour une distribution d\u2019eau efficace.<\/p>","protected":false},"excerpt":{"rendered":"<p>DAB Aquajet horizontal monte 82m-20h 60213199H<\/p>","protected":false},"featured_media":21200,"comment_status":"open","ping_status":"closed","template":"","meta":[],"product_brand":[],"product_cat":[704],"product_tag":[],"class_list":{"0":"post-15278","1":"product","2":"type-product","3":"status-publish","4":"has-post-thumbnail","6":"product_cat-station-deau","7":"pa_marque-dab","9":"first","10":"instock","11":"sale","12":"taxable","13":"shipping-taxable","14":"purchasable","15":"product-type-simple"},"aioseo_notices":[],"_links":{"self":[{"href":"https:\/\/promochaudiere.be\/nl\/wp-json\/wp\/v2\/product\/15278","targetHints":{"allow":["GET"]}}],"collection":[{"href":"https:\/\/promochaudiere.be\/nl\/wp-json\/wp\/v2\/product"}],"about":[{"href":"https:\/\/promochaudiere.be\/nl\/wp-json\/wp\/v2\/types\/product"}],"replies":[{"embeddable":true,"href":"https:\/\/promochaudiere.be\/nl\/wp-json\/wp\/v2\/comments?post=15278"}],"version-history":[{"count":1,"href":"https:\/\/promochaudiere.be\/nl\/wp-json\/wp\/v2\/product\/15278\/revisions"}],"predecessor-version":[{"id":44944,"href":"https:\/\/promochaudiere.be\/nl\/wp-json\/wp\/v2\/product\/15278\/revisions\/44944"}],"wp:featuredmedia":[{"embeddable":true,"href":"https:\/\/promochaudiere.be\/nl\/wp-json\/wp\/v2\/media\/21200"}],"wp:attachment":[{"href":"https:\/\/promochaudiere.be\/nl\/wp-json\/wp\/v2\/media?parent=15278"}],"wp:term":[{"taxonomy":"product_brand","embeddable":true,"href":"https:\/\/promochaudiere.be\/nl\/wp-json\/wp\/v2\/product_brand?post=15278"},{"taxonomy":"product_cat","embeddable":true,"href":"https:\/\/promochaudiere.be\/nl\/wp-json\/wp\/v2\/product_cat?post=15278"},{"taxonomy":"product_tag","embeddable":true,"href":"https:\/\/promochaudiere.be\/nl\/wp-json\/wp\/v2\/product_tag?post=15278"}],"curies":[{"name":"wp","href":"https:\/\/api.w.org\/{rel}","templated":true}]}}