{"id":15280,"date":"2025-01-17T09:58:15","date_gmt":"2025-01-17T09:58:15","guid":{"rendered":"https:\/\/promochaudiere.be\/produit\/vasco-canal-daeration-ovale-easyflow-24pcs-11ve40110\/"},"modified":"2026-02-03T19:40:07","modified_gmt":"2026-02-03T18:40:07","slug":"vasco-canal-daeration-ovale-easyflow-24pcs-11ve40110","status":"publish","type":"product","link":"https:\/\/promochaudiere.be\/nl\/product\/vasco-canal-daeration-ovale-easyflow-24pcs-11ve40110\/","title":{"rendered":"Vasco Canal d&rsquo;a\u00e9ration ovale EASYFLOW (24PCS) 11VE40110"},"content":{"rendered":"<p>Ce canal d\u2019a\u00e9ration Vasco EASYFLOW est con\u00e7u pour assurer une circulation optimale de l\u2019air dans les installations de ventilation. Son format ovale permet un gain d\u2019espace et une installation flexible. Livr\u00e9 en lot de 24 pi\u00e8ces, il garantit une mise en place rapide et efficace. Fabriqu\u00e9 en mat\u00e9riau r\u00e9sistant, il assure une durabilit\u00e9 maximale. Id\u00e9al pour les syst\u00e8mes n\u00e9cessitant une distribution homog\u00e8ne de l\u2019air. Un \u00e9l\u00e9ment cl\u00e9 pour une ventilation performante.<\/p>","protected":false},"excerpt":{"rendered":"<p>Vasco Canal d&rsquo;a\u00e9ration ovale EASYFLOW (24PCS) 11VE40110<\/p>","protected":false},"featured_media":21202,"comment_status":"open","ping_status":"closed","template":"","meta":[],"product_brand":[],"product_cat":[2791],"product_tag":[],"class_list":{"0":"post-15280","1":"product","2":"type-product","3":"status-publish","4":"has-post-thumbnail","6":"product_cat-accessoires-de-ventilation","7":"pa_marque-vasco","9":"first","10":"instock","11":"sale","12":"taxable","13":"shipping-taxable","14":"purchasable","15":"product-type-simple"},"aioseo_notices":[],"_links":{"self":[{"href":"https:\/\/promochaudiere.be\/nl\/wp-json\/wp\/v2\/product\/15280","targetHints":{"allow":["GET"]}}],"collection":[{"href":"https:\/\/promochaudiere.be\/nl\/wp-json\/wp\/v2\/product"}],"about":[{"href":"https:\/\/promochaudiere.be\/nl\/wp-json\/wp\/v2\/types\/product"}],"replies":[{"embeddable":true,"href":"https:\/\/promochaudiere.be\/nl\/wp-json\/wp\/v2\/comments?post=15280"}],"version-history":[{"count":1,"href":"https:\/\/promochaudiere.be\/nl\/wp-json\/wp\/v2\/product\/15280\/revisions"}],"predecessor-version":[{"id":52857,"href":"https:\/\/promochaudiere.be\/nl\/wp-json\/wp\/v2\/product\/15280\/revisions\/52857"}],"wp:featuredmedia":[{"embeddable":true,"href":"https:\/\/promochaudiere.be\/nl\/wp-json\/wp\/v2\/media\/21202"}],"wp:attachment":[{"href":"https:\/\/promochaudiere.be\/nl\/wp-json\/wp\/v2\/media?parent=15280"}],"wp:term":[{"taxonomy":"product_brand","embeddable":true,"href":"https:\/\/promochaudiere.be\/nl\/wp-json\/wp\/v2\/product_brand?post=15280"},{"taxonomy":"product_cat","embeddable":true,"href":"https:\/\/promochaudiere.be\/nl\/wp-json\/wp\/v2\/product_cat?post=15280"},{"taxonomy":"product_tag","embeddable":true,"href":"https:\/\/promochaudiere.be\/nl\/wp-json\/wp\/v2\/product_tag?post=15280"}],"curies":[{"name":"wp","href":"https:\/\/api.w.org\/{rel}","templated":true}]}}