{"id":15281,"date":"2025-01-17T09:58:15","date_gmt":"2025-01-17T09:58:15","guid":{"rendered":"https:\/\/promochaudiere.be\/produit\/vasco-caisson-collecteur-pour-gaines-dair-pour-beton-5x75mm-11ve40356\/"},"modified":"2026-02-03T18:16:29","modified_gmt":"2026-02-03T17:16:29","slug":"vasco-caisson-collecteur-pour-gaines-dair-pour-beton-5x75mm-11ve40356","status":"publish","type":"product","link":"https:\/\/promochaudiere.be\/nl\/product\/vasco-caisson-collecteur-pour-gaines-dair-pour-beton-5x75mm-11ve40356\/","title":{"rendered":"VASCO CAISSON COLLECTEUR POUR GAINES D&rsquo;AIR POUR BETON 5X75MM 11VE40356"},"content":{"rendered":"<p>Ce caisson collecteur Vasco permet une gestion optimis\u00e9e des flux d\u2019air dans les syst\u00e8mes de ventilation int\u00e9gr\u00e9s au b\u00e9ton. Il assure une r\u00e9partition homog\u00e8ne de l\u2019air. Son installation simplifi\u00e9e facilite l\u2019int\u00e9gration aux installations existantes.<\/p>","protected":false},"excerpt":{"rendered":"<p>VASCO CAISSON COLLECTEUR POUR GAINES D&rsquo;AIR POUR BETON 5X75MM 11VE40356<\/p>","protected":false},"featured_media":21216,"comment_status":"open","ping_status":"closed","template":"","meta":[],"product_brand":[],"product_cat":[2791],"product_tag":[],"class_list":{"0":"post-15281","1":"product","2":"type-product","3":"status-publish","4":"has-post-thumbnail","6":"product_cat-accessoires-de-ventilation","7":"pa_marque-vasco","9":"first","10":"instock","11":"sale","12":"taxable","13":"shipping-taxable","14":"purchasable","15":"product-type-simple"},"aioseo_notices":[],"_links":{"self":[{"href":"https:\/\/promochaudiere.be\/nl\/wp-json\/wp\/v2\/product\/15281","targetHints":{"allow":["GET"]}}],"collection":[{"href":"https:\/\/promochaudiere.be\/nl\/wp-json\/wp\/v2\/product"}],"about":[{"href":"https:\/\/promochaudiere.be\/nl\/wp-json\/wp\/v2\/types\/product"}],"replies":[{"embeddable":true,"href":"https:\/\/promochaudiere.be\/nl\/wp-json\/wp\/v2\/comments?post=15281"}],"version-history":[{"count":1,"href":"https:\/\/promochaudiere.be\/nl\/wp-json\/wp\/v2\/product\/15281\/revisions"}],"predecessor-version":[{"id":52856,"href":"https:\/\/promochaudiere.be\/nl\/wp-json\/wp\/v2\/product\/15281\/revisions\/52856"}],"wp:featuredmedia":[{"embeddable":true,"href":"https:\/\/promochaudiere.be\/nl\/wp-json\/wp\/v2\/media\/21216"}],"wp:attachment":[{"href":"https:\/\/promochaudiere.be\/nl\/wp-json\/wp\/v2\/media?parent=15281"}],"wp:term":[{"taxonomy":"product_brand","embeddable":true,"href":"https:\/\/promochaudiere.be\/nl\/wp-json\/wp\/v2\/product_brand?post=15281"},{"taxonomy":"product_cat","embeddable":true,"href":"https:\/\/promochaudiere.be\/nl\/wp-json\/wp\/v2\/product_cat?post=15281"},{"taxonomy":"product_tag","embeddable":true,"href":"https:\/\/promochaudiere.be\/nl\/wp-json\/wp\/v2\/product_tag?post=15281"}],"curies":[{"name":"wp","href":"https:\/\/api.w.org\/{rel}","templated":true}]}}