{"id":15287,"date":"2025-01-17T09:58:18","date_gmt":"2025-01-17T09:58:18","guid":{"rendered":"https:\/\/promochaudiere.be\/produit\/dab-circulateur-cc-evosta3-80-180-6-4-m230-50-60-60185505\/"},"modified":"2026-02-03T19:40:07","modified_gmt":"2026-02-03T18:40:07","slug":"dab-circulateur-cc-evosta3-80-180-6-4-m230-50-60-60185505","status":"publish","type":"product","link":"https:\/\/promochaudiere.be\/nl\/product\/dab-circulateur-cc-evosta3-80-180-6-4-m230-50-60-60185505\/","title":{"rendered":"DAB circulateur CC EVOSTA3 80\/180 6\/4&Prime; M230\/50-60 60185505"},"content":{"rendered":"<p>Le circulateur DAB Evosta3 80\/180 garantit une distribution homog\u00e8ne de la chaleur dans les circuits hydrauliques. Son moteur \u00e0 haut rendement r\u00e9duit la consommation \u00e9nerg\u00e9tique tout en assurant une performance maximale.<\/p>","protected":false},"excerpt":{"rendered":"<p>DAB circulateur CC EVOSTA3 80\/180 6\/4&Prime; M230\/50-60 60185505<\/p>","protected":false},"featured_media":21091,"comment_status":"open","ping_status":"closed","template":"","meta":[],"product_brand":[],"product_cat":[660],"product_tag":[],"class_list":{"0":"post-15287","1":"product","2":"type-product","3":"status-publish","4":"has-post-thumbnail","6":"product_cat-circulateur","7":"pa_marque-dab","9":"first","10":"instock","11":"sale","12":"taxable","13":"shipping-taxable","14":"purchasable","15":"product-type-simple"},"aioseo_notices":[],"_links":{"self":[{"href":"https:\/\/promochaudiere.be\/nl\/wp-json\/wp\/v2\/product\/15287","targetHints":{"allow":["GET"]}}],"collection":[{"href":"https:\/\/promochaudiere.be\/nl\/wp-json\/wp\/v2\/product"}],"about":[{"href":"https:\/\/promochaudiere.be\/nl\/wp-json\/wp\/v2\/types\/product"}],"replies":[{"embeddable":true,"href":"https:\/\/promochaudiere.be\/nl\/wp-json\/wp\/v2\/comments?post=15287"}],"version-history":[{"count":1,"href":"https:\/\/promochaudiere.be\/nl\/wp-json\/wp\/v2\/product\/15287\/revisions"}],"predecessor-version":[{"id":44939,"href":"https:\/\/promochaudiere.be\/nl\/wp-json\/wp\/v2\/product\/15287\/revisions\/44939"}],"wp:featuredmedia":[{"embeddable":true,"href":"https:\/\/promochaudiere.be\/nl\/wp-json\/wp\/v2\/media\/21091"}],"wp:attachment":[{"href":"https:\/\/promochaudiere.be\/nl\/wp-json\/wp\/v2\/media?parent=15287"}],"wp:term":[{"taxonomy":"product_brand","embeddable":true,"href":"https:\/\/promochaudiere.be\/nl\/wp-json\/wp\/v2\/product_brand?post=15287"},{"taxonomy":"product_cat","embeddable":true,"href":"https:\/\/promochaudiere.be\/nl\/wp-json\/wp\/v2\/product_cat?post=15287"},{"taxonomy":"product_tag","embeddable":true,"href":"https:\/\/promochaudiere.be\/nl\/wp-json\/wp\/v2\/product_tag?post=15287"}],"curies":[{"name":"wp","href":"https:\/\/api.w.org\/{rel}","templated":true}]}}