{"id":15288,"date":"2025-01-17T09:58:19","date_gmt":"2025-01-17T09:58:19","guid":{"rendered":"https:\/\/promochaudiere.be\/produit\/vaillant-pompe-haute-efficacite-0010032791\/"},"modified":"2026-02-03T18:16:28","modified_gmt":"2026-02-03T17:16:28","slug":"vaillant-pompe-haute-efficacite-0010032791","status":"publish","type":"product","link":"https:\/\/promochaudiere.be\/nl\/product\/vaillant-pompe-haute-efficacite-0010032791\/","title":{"rendered":"Vaillant Pompe haute efficacit\u00e9 0010032791"},"content":{"rendered":"<p>Cette pompe Vaillant haute efficacit\u00e9 est con\u00e7ue pour optimiser la circulation de l\u2019eau dans les circuits de chauffage. Elle garantit un fonctionnement silencieux tout en r\u00e9duisant la consommation \u00e9nerg\u00e9tique. Facile \u00e0 installer, elle assure une distribution homog\u00e8ne de la chaleur. Son moteur basse consommation permet de limiter les co\u00fbts \u00e9nerg\u00e9tiques. Un accessoire indispensable pour am\u00e9liorer le rendement thermique.<\/p>","protected":false},"excerpt":{"rendered":"<p>Vaillant Pompe haute efficacit\u00e9 0010032791<\/p>","protected":false},"featured_media":21953,"comment_status":"open","ping_status":"closed","template":"","meta":[],"product_brand":[],"product_cat":[8917,8840],"product_tag":[],"class_list":{"0":"post-15288","1":"product","2":"type-product","3":"status-publish","4":"has-post-thumbnail","6":"product_cat-pieces-detachees-vaillant","7":"product_cat-test","8":"pa_marque-vaillant","10":"first","11":"instock","12":"sale","13":"taxable","14":"shipping-taxable","15":"purchasable","16":"product-type-simple"},"aioseo_notices":[],"_links":{"self":[{"href":"https:\/\/promochaudiere.be\/nl\/wp-json\/wp\/v2\/product\/15288","targetHints":{"allow":["GET"]}}],"collection":[{"href":"https:\/\/promochaudiere.be\/nl\/wp-json\/wp\/v2\/product"}],"about":[{"href":"https:\/\/promochaudiere.be\/nl\/wp-json\/wp\/v2\/types\/product"}],"replies":[{"embeddable":true,"href":"https:\/\/promochaudiere.be\/nl\/wp-json\/wp\/v2\/comments?post=15288"}],"version-history":[{"count":1,"href":"https:\/\/promochaudiere.be\/nl\/wp-json\/wp\/v2\/product\/15288\/revisions"}],"predecessor-version":[{"id":52853,"href":"https:\/\/promochaudiere.be\/nl\/wp-json\/wp\/v2\/product\/15288\/revisions\/52853"}],"wp:featuredmedia":[{"embeddable":true,"href":"https:\/\/promochaudiere.be\/nl\/wp-json\/wp\/v2\/media\/21953"}],"wp:attachment":[{"href":"https:\/\/promochaudiere.be\/nl\/wp-json\/wp\/v2\/media?parent=15288"}],"wp:term":[{"taxonomy":"product_brand","embeddable":true,"href":"https:\/\/promochaudiere.be\/nl\/wp-json\/wp\/v2\/product_brand?post=15288"},{"taxonomy":"product_cat","embeddable":true,"href":"https:\/\/promochaudiere.be\/nl\/wp-json\/wp\/v2\/product_cat?post=15288"},{"taxonomy":"product_tag","embeddable":true,"href":"https:\/\/promochaudiere.be\/nl\/wp-json\/wp\/v2\/product_tag?post=15288"}],"curies":[{"name":"wp","href":"https:\/\/api.w.org\/{rel}","templated":true}]}}