{"id":15291,"date":"2025-01-17T09:58:20","date_gmt":"2025-01-17T09:58:20","guid":{"rendered":"https:\/\/promochaudiere.be\/produit\/vaillant-extracteur-190262\/"},"modified":"2026-02-03T18:16:29","modified_gmt":"2026-02-03T17:16:29","slug":"vaillant-extracteur-190262","status":"publish","type":"product","link":"https:\/\/promochaudiere.be\/nl\/product\/vaillant-extracteur-190262\/","title":{"rendered":"Vaillant extracteur  190262"},"content":{"rendered":"<p>Cet extracteur Vaillant assure une \u00e9vacuation efficace des fum\u00e9es et gaz de combustion. Son moteur haute performance garantit un fonctionnement silencieux et \u00e9conome en \u00e9nergie. Compatible avec divers mod\u00e8les de chaudi\u00e8res Vaillant. Facile \u00e0 poser, il am\u00e9liore la s\u00e9curit\u00e9 et le rendement \u00e9nerg\u00e9tique. Un \u00e9l\u00e9ment indispensable pour un syst\u00e8me de chauffage optimal.<\/p>","protected":false},"excerpt":{"rendered":"<p>Vaillant extracteur  190262<\/p>","protected":false},"featured_media":21075,"comment_status":"open","ping_status":"closed","template":"","meta":[],"product_brand":[],"product_cat":[8917,8840],"product_tag":[],"class_list":{"0":"post-15291","1":"product","2":"type-product","3":"status-publish","4":"has-post-thumbnail","6":"product_cat-pieces-detachees-vaillant","7":"product_cat-test","8":"pa_marque-vaillant","10":"first","11":"instock","12":"sale","13":"taxable","14":"shipping-taxable","15":"purchasable","16":"product-type-simple"},"aioseo_notices":[],"_links":{"self":[{"href":"https:\/\/promochaudiere.be\/nl\/wp-json\/wp\/v2\/product\/15291","targetHints":{"allow":["GET"]}}],"collection":[{"href":"https:\/\/promochaudiere.be\/nl\/wp-json\/wp\/v2\/product"}],"about":[{"href":"https:\/\/promochaudiere.be\/nl\/wp-json\/wp\/v2\/types\/product"}],"replies":[{"embeddable":true,"href":"https:\/\/promochaudiere.be\/nl\/wp-json\/wp\/v2\/comments?post=15291"}],"version-history":[{"count":1,"href":"https:\/\/promochaudiere.be\/nl\/wp-json\/wp\/v2\/product\/15291\/revisions"}],"predecessor-version":[{"id":52851,"href":"https:\/\/promochaudiere.be\/nl\/wp-json\/wp\/v2\/product\/15291\/revisions\/52851"}],"wp:featuredmedia":[{"embeddable":true,"href":"https:\/\/promochaudiere.be\/nl\/wp-json\/wp\/v2\/media\/21075"}],"wp:attachment":[{"href":"https:\/\/promochaudiere.be\/nl\/wp-json\/wp\/v2\/media?parent=15291"}],"wp:term":[{"taxonomy":"product_brand","embeddable":true,"href":"https:\/\/promochaudiere.be\/nl\/wp-json\/wp\/v2\/product_brand?post=15291"},{"taxonomy":"product_cat","embeddable":true,"href":"https:\/\/promochaudiere.be\/nl\/wp-json\/wp\/v2\/product_cat?post=15291"},{"taxonomy":"product_tag","embeddable":true,"href":"https:\/\/promochaudiere.be\/nl\/wp-json\/wp\/v2\/product_tag?post=15291"}],"curies":[{"name":"wp","href":"https:\/\/api.w.org\/{rel}","templated":true}]}}