{"id":15313,"date":"2025-01-17T09:58:30","date_gmt":"2025-01-17T09:58:30","guid":{"rendered":"https:\/\/promochaudiere.be\/produit\/meibes-segment-de-distribution-pour-32-circuits-de-chauffage-m66301930\/"},"modified":"2026-02-03T18:16:30","modified_gmt":"2026-02-03T17:16:30","slug":"meibes-segment-de-distribution-pour-32-circuits-de-chauffage-m66301930","status":"publish","type":"product","link":"https:\/\/promochaudiere.be\/nl\/product\/meibes-segment-de-distribution-pour-32-circuits-de-chauffage-m66301930\/","title":{"rendered":"MEIBES SEGMENT DE DISTRIBUTION POUR 3+2 CIRCUITS DE CHAUFFAGE M66301930"},"content":{"rendered":"<p>Ce segment de distribution Meibes est con\u00e7u pour les syst\u00e8mes n\u00e9cessitant une gestion thermique avanc\u00e9e. Il permet de r\u00e9partir efficacement l\u2019eau chaude sur 3+2 circuits, assurant une meilleure homog\u00e9n\u00e9it\u00e9 du chauffage. Son mat\u00e9riau robuste garantit une r\u00e9sistance optimale \u00e0 la pression et aux variations de temp\u00e9rature. Son installation simple le rend compatible avec une large gamme d\u2019installations hydrauliques. Id\u00e9al pour une performance \u00e9nerg\u00e9tique am\u00e9lior\u00e9e et un chauffage \u00e9quilibr\u00e9.<\/p>","protected":false},"excerpt":{"rendered":"<p>MEIBES SEGMENT DE DISTRIBUTION POUR 3+2 CIRCUITS DE CHAUFFAGE M66301930<\/p>","protected":false},"featured_media":21109,"comment_status":"open","ping_status":"closed","template":"","meta":[],"product_brand":[],"product_cat":[5541],"product_tag":[],"class_list":{"0":"post-15313","1":"product","2":"type-product","3":"status-publish","4":"has-post-thumbnail","6":"product_cat-groupe-de-pompe","7":"pa_marque-meibes","9":"first","10":"instock","11":"sale","12":"taxable","13":"shipping-taxable","14":"purchasable","15":"product-type-simple"},"aioseo_notices":[],"_links":{"self":[{"href":"https:\/\/promochaudiere.be\/nl\/wp-json\/wp\/v2\/product\/15313","targetHints":{"allow":["GET"]}}],"collection":[{"href":"https:\/\/promochaudiere.be\/nl\/wp-json\/wp\/v2\/product"}],"about":[{"href":"https:\/\/promochaudiere.be\/nl\/wp-json\/wp\/v2\/types\/product"}],"replies":[{"embeddable":true,"href":"https:\/\/promochaudiere.be\/nl\/wp-json\/wp\/v2\/comments?post=15313"}],"version-history":[{"count":1,"href":"https:\/\/promochaudiere.be\/nl\/wp-json\/wp\/v2\/product\/15313\/revisions"}],"predecessor-version":[{"id":44915,"href":"https:\/\/promochaudiere.be\/nl\/wp-json\/wp\/v2\/product\/15313\/revisions\/44915"}],"wp:featuredmedia":[{"embeddable":true,"href":"https:\/\/promochaudiere.be\/nl\/wp-json\/wp\/v2\/media\/21109"}],"wp:attachment":[{"href":"https:\/\/promochaudiere.be\/nl\/wp-json\/wp\/v2\/media?parent=15313"}],"wp:term":[{"taxonomy":"product_brand","embeddable":true,"href":"https:\/\/promochaudiere.be\/nl\/wp-json\/wp\/v2\/product_brand?post=15313"},{"taxonomy":"product_cat","embeddable":true,"href":"https:\/\/promochaudiere.be\/nl\/wp-json\/wp\/v2\/product_cat?post=15313"},{"taxonomy":"product_tag","embeddable":true,"href":"https:\/\/promochaudiere.be\/nl\/wp-json\/wp\/v2\/product_tag?post=15313"}],"curies":[{"name":"wp","href":"https:\/\/api.w.org\/{rel}","templated":true}]}}