{"id":15317,"date":"2025-01-17T09:58:31","date_gmt":"2025-01-17T09:58:31","guid":{"rendered":"https:\/\/promochaudiere.be\/produit\/reflex-vase-d%c2%92expansion-reflex-epdm-n140-140-l-8211400\/"},"modified":"2026-02-03T19:40:07","modified_gmt":"2026-02-03T18:40:07","slug":"reflex-vase-dexpansion-reflex-epdm-n140-140-l-8211400","status":"publish","type":"product","link":"https:\/\/promochaudiere.be\/product\/reflex-vase-dexpansion-reflex-epdm-n140-140-l-8211400\/","title":{"rendered":"Reflex vase d&rsquo;expansion reflex epdm n140 &#8211; 140 l 8211400"},"content":{"rendered":"<p>Le mod\u00e8le Reflex N140 de 140 litres assure une compensation efficace des variations de pression dans les syst\u00e8mes de chauffage. Sa construction robuste et sa membrane en EPDM garantissent une grande fiabilit\u00e9. Il permet d\u2019\u00e9viter les pics de pression et prolonge la dur\u00e9e de vie des \u00e9quipements. Un accessoire incontournable pour une installation durable et s\u00e9curis\u00e9e.<\/p>","protected":false},"excerpt":{"rendered":"<p>Reflex vase d&rsquo;expansion reflex epdm n140 &#8211; 140 l 8211400<\/p>","protected":false},"featured_media":21121,"comment_status":"open","ping_status":"closed","template":"","meta":[],"product_brand":[],"product_cat":[11001],"product_tag":[],"class_list":{"0":"post-15317","1":"product","2":"type-product","3":"status-publish","4":"has-post-thumbnail","6":"product_cat-vase-dexpansion-chauffage","7":"pa_marque-reflex","9":"first","10":"instock","11":"sale","12":"taxable","13":"shipping-taxable","14":"purchasable","15":"product-type-simple"},"aioseo_notices":[],"_links":{"self":[{"href":"https:\/\/promochaudiere.be\/nl\/wp-json\/wp\/v2\/product\/15317","targetHints":{"allow":["GET"]}}],"collection":[{"href":"https:\/\/promochaudiere.be\/nl\/wp-json\/wp\/v2\/product"}],"about":[{"href":"https:\/\/promochaudiere.be\/nl\/wp-json\/wp\/v2\/types\/product"}],"replies":[{"embeddable":true,"href":"https:\/\/promochaudiere.be\/nl\/wp-json\/wp\/v2\/comments?post=15317"}],"version-history":[{"count":1,"href":"https:\/\/promochaudiere.be\/nl\/wp-json\/wp\/v2\/product\/15317\/revisions"}],"predecessor-version":[{"id":44913,"href":"https:\/\/promochaudiere.be\/nl\/wp-json\/wp\/v2\/product\/15317\/revisions\/44913"}],"wp:featuredmedia":[{"embeddable":true,"href":"https:\/\/promochaudiere.be\/nl\/wp-json\/wp\/v2\/media\/21121"}],"wp:attachment":[{"href":"https:\/\/promochaudiere.be\/nl\/wp-json\/wp\/v2\/media?parent=15317"}],"wp:term":[{"taxonomy":"product_brand","embeddable":true,"href":"https:\/\/promochaudiere.be\/nl\/wp-json\/wp\/v2\/product_brand?post=15317"},{"taxonomy":"product_cat","embeddable":true,"href":"https:\/\/promochaudiere.be\/nl\/wp-json\/wp\/v2\/product_cat?post=15317"},{"taxonomy":"product_tag","embeddable":true,"href":"https:\/\/promochaudiere.be\/nl\/wp-json\/wp\/v2\/product_tag?post=15317"}],"curies":[{"name":"wp","href":"https:\/\/api.w.org\/{rel}","templated":true}]}}