{"id":15325,"date":"2025-01-17T09:58:34","date_gmt":"2025-01-17T09:58:34","guid":{"rendered":"https:\/\/promochaudiere.be\/produit\/vaillant-bouteille-casse-pression-wh40-306720\/"},"modified":"2026-02-03T19:40:08","modified_gmt":"2026-02-03T18:40:08","slug":"vaillant-bouteille-casse-pression-wh40-306720","status":"publish","type":"product","link":"https:\/\/promochaudiere.be\/nl\/product\/vaillant-bouteille-casse-pression-wh40-306720\/","title":{"rendered":"Vaillant bouteille casse pression WH40 306720"},"content":{"rendered":"<p>Cette bouteille casse-pression Vaillant WH40 est con\u00e7ue pour stabiliser la pression dans les circuits de chauffage. Elle r\u00e9duit les variations de d\u00e9bit et prot\u00e8ge les \u00e9quipements contre les chocs hydrauliques. Son installation est simple et efficace. Id\u00e9ale pour optimiser le rendement \u00e9nerg\u00e9tique et prolonger la dur\u00e9e de vie des composants. Un \u00e9l\u00e9ment cl\u00e9 pour une installation hydraulique performante.<\/p>","protected":false},"excerpt":{"rendered":"<p>Vaillant bouteille casse pression WH40 306720<\/p>","protected":false},"featured_media":21076,"comment_status":"open","ping_status":"closed","template":"","meta":[],"product_brand":[],"product_cat":[8917],"product_tag":[],"class_list":{"0":"post-15325","1":"product","2":"type-product","3":"status-publish","4":"has-post-thumbnail","6":"product_cat-pieces-detachees-vaillant","7":"pa_marque-vaillant","9":"first","10":"instock","11":"sale","12":"taxable","13":"shipping-taxable","14":"purchasable","15":"product-type-simple"},"aioseo_notices":[],"_links":{"self":[{"href":"https:\/\/promochaudiere.be\/nl\/wp-json\/wp\/v2\/product\/15325","targetHints":{"allow":["GET"]}}],"collection":[{"href":"https:\/\/promochaudiere.be\/nl\/wp-json\/wp\/v2\/product"}],"about":[{"href":"https:\/\/promochaudiere.be\/nl\/wp-json\/wp\/v2\/types\/product"}],"replies":[{"embeddable":true,"href":"https:\/\/promochaudiere.be\/nl\/wp-json\/wp\/v2\/comments?post=15325"}],"version-history":[{"count":1,"href":"https:\/\/promochaudiere.be\/nl\/wp-json\/wp\/v2\/product\/15325\/revisions"}],"predecessor-version":[{"id":52848,"href":"https:\/\/promochaudiere.be\/nl\/wp-json\/wp\/v2\/product\/15325\/revisions\/52848"}],"wp:featuredmedia":[{"embeddable":true,"href":"https:\/\/promochaudiere.be\/nl\/wp-json\/wp\/v2\/media\/21076"}],"wp:attachment":[{"href":"https:\/\/promochaudiere.be\/nl\/wp-json\/wp\/v2\/media?parent=15325"}],"wp:term":[{"taxonomy":"product_brand","embeddable":true,"href":"https:\/\/promochaudiere.be\/nl\/wp-json\/wp\/v2\/product_brand?post=15325"},{"taxonomy":"product_cat","embeddable":true,"href":"https:\/\/promochaudiere.be\/nl\/wp-json\/wp\/v2\/product_cat?post=15325"},{"taxonomy":"product_tag","embeddable":true,"href":"https:\/\/promochaudiere.be\/nl\/wp-json\/wp\/v2\/product_tag?post=15325"}],"curies":[{"name":"wp","href":"https:\/\/api.w.org\/{rel}","templated":true}]}}