{"id":15330,"date":"2025-01-17T09:58:36","date_gmt":"2025-01-17T09:58:36","guid":{"rendered":"https:\/\/promochaudiere.be\/produit\/meibes-bouteille-casse-pression-avec-separateur-dair-et-de-boues-dn25-kw50-m6639321\/"},"modified":"2026-02-03T18:16:34","modified_gmt":"2026-02-03T17:16:34","slug":"meibes-bouteille-casse-pression-avec-separateur-dair-et-de-boues-dn25-kw50-m6639321","status":"publish","type":"product","link":"https:\/\/promochaudiere.be\/product\/meibes-bouteille-casse-pression-avec-separateur-dair-et-de-boues-dn25-kw50-m6639321\/","title":{"rendered":"MEIBES BOUTEILLE CASSE-PRESSION AVEC SEPARATEUR D&rsquo;AIR ET DE BOUES DN25 KW50 M6639321"},"content":{"rendered":"<p>Cette bouteille casse-pression Meibes est con\u00e7ue pour maintenir un \u00e9quilibre hydraulique optimal dans les circuits de chauffage. Son format 1&Prime; permet une compatibilit\u00e9 avec divers syst\u00e8mes hydrauliques. Son s\u00e9parateur int\u00e9gr\u00e9 am\u00e9liore la gestion des d\u00e9bits et optimise l\u2019efficacit\u00e9 \u00e9nerg\u00e9tique. Facile \u00e0 installer, elle assure une protection efficace contre les variations de pression.<\/p>","protected":false},"excerpt":{"rendered":"<p>MEIBES BOUTEILLE CASSE-PRESSION AVEC SEPARATEUR D&rsquo;AIR ET DE BOUES DN25 KW50 M6639321<\/p>","protected":false},"featured_media":21110,"comment_status":"open","ping_status":"closed","template":"","meta":[],"product_brand":[],"product_cat":[5541],"product_tag":[],"class_list":{"0":"post-15330","1":"product","2":"type-product","3":"status-publish","4":"has-post-thumbnail","6":"product_cat-groupe-de-pompe","7":"pa_marque-meibes","9":"first","10":"instock","11":"sale","12":"taxable","13":"shipping-taxable","14":"purchasable","15":"product-type-simple"},"aioseo_notices":[],"_links":{"self":[{"href":"https:\/\/promochaudiere.be\/nl\/wp-json\/wp\/v2\/product\/15330","targetHints":{"allow":["GET"]}}],"collection":[{"href":"https:\/\/promochaudiere.be\/nl\/wp-json\/wp\/v2\/product"}],"about":[{"href":"https:\/\/promochaudiere.be\/nl\/wp-json\/wp\/v2\/types\/product"}],"replies":[{"embeddable":true,"href":"https:\/\/promochaudiere.be\/nl\/wp-json\/wp\/v2\/comments?post=15330"}],"version-history":[{"count":1,"href":"https:\/\/promochaudiere.be\/nl\/wp-json\/wp\/v2\/product\/15330\/revisions"}],"predecessor-version":[{"id":44903,"href":"https:\/\/promochaudiere.be\/nl\/wp-json\/wp\/v2\/product\/15330\/revisions\/44903"}],"wp:featuredmedia":[{"embeddable":true,"href":"https:\/\/promochaudiere.be\/nl\/wp-json\/wp\/v2\/media\/21110"}],"wp:attachment":[{"href":"https:\/\/promochaudiere.be\/nl\/wp-json\/wp\/v2\/media?parent=15330"}],"wp:term":[{"taxonomy":"product_brand","embeddable":true,"href":"https:\/\/promochaudiere.be\/nl\/wp-json\/wp\/v2\/product_brand?post=15330"},{"taxonomy":"product_cat","embeddable":true,"href":"https:\/\/promochaudiere.be\/nl\/wp-json\/wp\/v2\/product_cat?post=15330"},{"taxonomy":"product_tag","embeddable":true,"href":"https:\/\/promochaudiere.be\/nl\/wp-json\/wp\/v2\/product_tag?post=15330"}],"curies":[{"name":"wp","href":"https:\/\/api.w.org\/{rel}","templated":true}]}}