{"id":15331,"date":"2025-01-17T09:58:36","date_gmt":"2025-01-17T09:58:36","guid":{"rendered":"https:\/\/promochaudiere.be\/produit\/vaillant-pompe-0020234140\/"},"modified":"2026-02-03T18:16:31","modified_gmt":"2026-02-03T17:16:31","slug":"vaillant-pompe-0020234140","status":"publish","type":"product","link":"https:\/\/promochaudiere.be\/nl\/product\/vaillant-pompe-0020234140\/","title":{"rendered":"Vaillant Pompe 0020234140"},"content":{"rendered":"<p>Con\u00e7ue pour assurer un d\u00e9bit optimal, cette pompe Vaillant garantit une distribution homog\u00e8ne de la chaleur dans le circuit de chauffage. Un accessoire essentiel pour le bon fonctionnement des chaudi\u00e8res.<\/p>","protected":false},"excerpt":{"rendered":"<p>Vaillant Pompe 0020234140<\/p>","protected":false},"featured_media":22002,"comment_status":"open","ping_status":"closed","template":"","meta":[],"product_brand":[],"product_cat":[8917,8840],"product_tag":[],"class_list":{"0":"post-15331","1":"product","2":"type-product","3":"status-publish","4":"has-post-thumbnail","6":"product_cat-pieces-detachees-vaillant","7":"product_cat-test","8":"pa_marque-vaillant","10":"first","11":"instock","12":"sale","13":"taxable","14":"shipping-taxable","15":"purchasable","16":"product-type-simple"},"aioseo_notices":[],"_links":{"self":[{"href":"https:\/\/promochaudiere.be\/nl\/wp-json\/wp\/v2\/product\/15331","targetHints":{"allow":["GET"]}}],"collection":[{"href":"https:\/\/promochaudiere.be\/nl\/wp-json\/wp\/v2\/product"}],"about":[{"href":"https:\/\/promochaudiere.be\/nl\/wp-json\/wp\/v2\/types\/product"}],"replies":[{"embeddable":true,"href":"https:\/\/promochaudiere.be\/nl\/wp-json\/wp\/v2\/comments?post=15331"}],"version-history":[{"count":1,"href":"https:\/\/promochaudiere.be\/nl\/wp-json\/wp\/v2\/product\/15331\/revisions"}],"predecessor-version":[{"id":52846,"href":"https:\/\/promochaudiere.be\/nl\/wp-json\/wp\/v2\/product\/15331\/revisions\/52846"}],"wp:featuredmedia":[{"embeddable":true,"href":"https:\/\/promochaudiere.be\/nl\/wp-json\/wp\/v2\/media\/22002"}],"wp:attachment":[{"href":"https:\/\/promochaudiere.be\/nl\/wp-json\/wp\/v2\/media?parent=15331"}],"wp:term":[{"taxonomy":"product_brand","embeddable":true,"href":"https:\/\/promochaudiere.be\/nl\/wp-json\/wp\/v2\/product_brand?post=15331"},{"taxonomy":"product_cat","embeddable":true,"href":"https:\/\/promochaudiere.be\/nl\/wp-json\/wp\/v2\/product_cat?post=15331"},{"taxonomy":"product_tag","embeddable":true,"href":"https:\/\/promochaudiere.be\/nl\/wp-json\/wp\/v2\/product_tag?post=15331"}],"curies":[{"name":"wp","href":"https:\/\/api.w.org\/{rel}","templated":true}]}}