{"id":15332,"date":"2025-01-17T09:58:37","date_gmt":"2025-01-17T09:58:37","guid":{"rendered":"https:\/\/promochaudiere.be\/produit\/vaillant-pompe-0020231972\/"},"modified":"2026-02-03T18:16:31","modified_gmt":"2026-02-03T17:16:31","slug":"vaillant-pompe-0020231972","status":"publish","type":"product","link":"https:\/\/promochaudiere.be\/nl\/product\/vaillant-pompe-0020231972\/","title":{"rendered":"Vaillant Pompe 0020231972"},"content":{"rendered":"<p>Cette pompe Vaillant assure une circulation fluide et continue de l\u2019eau chaude dans le circuit de chauffage. Elle am\u00e9liore l\u2019efficacit\u00e9 \u00e9nerg\u00e9tique et le confort thermique.<\/p>","protected":false},"excerpt":{"rendered":"<p>Vaillant Pompe 0020231972<\/p>","protected":false},"featured_media":21949,"comment_status":"open","ping_status":"closed","template":"","meta":[],"product_brand":[],"product_cat":[8917,8840],"product_tag":[],"class_list":{"0":"post-15332","1":"product","2":"type-product","3":"status-publish","4":"has-post-thumbnail","6":"product_cat-pieces-detachees-vaillant","7":"product_cat-test","8":"pa_marque-vaillant","10":"first","11":"instock","12":"sale","13":"taxable","14":"shipping-taxable","15":"purchasable","16":"product-type-simple"},"aioseo_notices":[],"_links":{"self":[{"href":"https:\/\/promochaudiere.be\/nl\/wp-json\/wp\/v2\/product\/15332","targetHints":{"allow":["GET"]}}],"collection":[{"href":"https:\/\/promochaudiere.be\/nl\/wp-json\/wp\/v2\/product"}],"about":[{"href":"https:\/\/promochaudiere.be\/nl\/wp-json\/wp\/v2\/types\/product"}],"replies":[{"embeddable":true,"href":"https:\/\/promochaudiere.be\/nl\/wp-json\/wp\/v2\/comments?post=15332"}],"version-history":[{"count":1,"href":"https:\/\/promochaudiere.be\/nl\/wp-json\/wp\/v2\/product\/15332\/revisions"}],"predecessor-version":[{"id":52845,"href":"https:\/\/promochaudiere.be\/nl\/wp-json\/wp\/v2\/product\/15332\/revisions\/52845"}],"wp:featuredmedia":[{"embeddable":true,"href":"https:\/\/promochaudiere.be\/nl\/wp-json\/wp\/v2\/media\/21949"}],"wp:attachment":[{"href":"https:\/\/promochaudiere.be\/nl\/wp-json\/wp\/v2\/media?parent=15332"}],"wp:term":[{"taxonomy":"product_brand","embeddable":true,"href":"https:\/\/promochaudiere.be\/nl\/wp-json\/wp\/v2\/product_brand?post=15332"},{"taxonomy":"product_cat","embeddable":true,"href":"https:\/\/promochaudiere.be\/nl\/wp-json\/wp\/v2\/product_cat?post=15332"},{"taxonomy":"product_tag","embeddable":true,"href":"https:\/\/promochaudiere.be\/nl\/wp-json\/wp\/v2\/product_tag?post=15332"}],"curies":[{"name":"wp","href":"https:\/\/api.w.org\/{rel}","templated":true}]}}