{"id":15335,"date":"2025-01-17T09:58:38","date_gmt":"2025-01-17T09:58:38","guid":{"rendered":"https:\/\/promochaudiere.be\/produit\/junkers-circulateur-ups-15-35-50-160mm-g1-230v-50hz-8737711965\/"},"modified":"2026-02-03T18:16:33","modified_gmt":"2026-02-03T17:16:33","slug":"junkers-circulateur-ups-15-35-50-160mm-g1-230v-50hz-8737711965","status":"publish","type":"product","link":"https:\/\/promochaudiere.be\/nl\/product\/junkers-circulateur-ups-15-35-50-160mm-g1-230v-50hz-8737711965\/","title":{"rendered":"JUNKERS CIRCULateur UPS 15-35-50 160MM G1 230V 50HZ 8737711965"},"content":{"rendered":"<p>Le circulateur Junkers UPS 15-35-50 est con\u00e7u pour assurer une distribution fluide et efficace de l\u2019eau chaude dans votre syst\u00e8me de chauffage. Avec son moteur puissant et silencieux, il garantit un fonctionnement optimal tout en minimisant la consommation d\u2019\u00e9nergie. Son format compact de 160 mm facilite son installation dans divers circuits de chauffage. Construit avec des mat\u00e9riaux robustes, il offre une grande durabilit\u00e9. Un composant essentiel pour garantir une performance \u00e9nerg\u00e9tique maximale.<\/p>","protected":false},"excerpt":{"rendered":"<p>JUNKERS CIRCULateur UPS 15-35-50 160MM G1 230V 50HZ 8737711965<\/p>","protected":false},"featured_media":21065,"comment_status":"open","ping_status":"closed","template":"","meta":[],"product_brand":[],"product_cat":[9485],"product_tag":[],"class_list":{"0":"post-15335","1":"product","2":"type-product","3":"status-publish","4":"has-post-thumbnail","6":"product_cat-pieces-detachees-bosch","7":"pa_marque-bosch","9":"first","10":"instock","11":"sale","12":"taxable","13":"shipping-taxable","14":"purchasable","15":"product-type-simple"},"aioseo_notices":[],"_links":{"self":[{"href":"https:\/\/promochaudiere.be\/nl\/wp-json\/wp\/v2\/product\/15335","targetHints":{"allow":["GET"]}}],"collection":[{"href":"https:\/\/promochaudiere.be\/nl\/wp-json\/wp\/v2\/product"}],"about":[{"href":"https:\/\/promochaudiere.be\/nl\/wp-json\/wp\/v2\/types\/product"}],"replies":[{"embeddable":true,"href":"https:\/\/promochaudiere.be\/nl\/wp-json\/wp\/v2\/comments?post=15335"}],"version-history":[{"count":1,"href":"https:\/\/promochaudiere.be\/nl\/wp-json\/wp\/v2\/product\/15335\/revisions"}],"predecessor-version":[{"id":44899,"href":"https:\/\/promochaudiere.be\/nl\/wp-json\/wp\/v2\/product\/15335\/revisions\/44899"}],"wp:featuredmedia":[{"embeddable":true,"href":"https:\/\/promochaudiere.be\/nl\/wp-json\/wp\/v2\/media\/21065"}],"wp:attachment":[{"href":"https:\/\/promochaudiere.be\/nl\/wp-json\/wp\/v2\/media?parent=15335"}],"wp:term":[{"taxonomy":"product_brand","embeddable":true,"href":"https:\/\/promochaudiere.be\/nl\/wp-json\/wp\/v2\/product_brand?post=15335"},{"taxonomy":"product_cat","embeddable":true,"href":"https:\/\/promochaudiere.be\/nl\/wp-json\/wp\/v2\/product_cat?post=15335"},{"taxonomy":"product_tag","embeddable":true,"href":"https:\/\/promochaudiere.be\/nl\/wp-json\/wp\/v2\/product_tag?post=15335"}],"curies":[{"name":"wp","href":"https:\/\/api.w.org\/{rel}","templated":true}]}}