{"id":15337,"date":"2025-01-17T09:58:38","date_gmt":"2025-01-17T09:58:38","guid":{"rendered":"https:\/\/promochaudiere.be\/produit\/vaillant-segment-de-distribution-pour-3-groupe-de-pompage-de-type-bouteille-307597\/"},"modified":"2026-02-03T19:40:08","modified_gmt":"2026-02-03T18:40:08","slug":"vaillant-segment-de-distribution-pour-3-groupe-de-pompage-de-type-bouteille-307597","status":"publish","type":"product","link":"https:\/\/promochaudiere.be\/nl\/product\/vaillant-segment-de-distribution-pour-3-groupe-de-pompage-de-type-bouteille-307597\/","title":{"rendered":"Vaillant segment de distribution pour 3 groupe de pompage de type BOUTEILLE 307597"},"content":{"rendered":"<p>Ce mod\u00e8le similaire est con\u00e7u pour g\u00e9rer la distribution de l\u2019eau chaude sur 3 groupes. Il garantit un fonctionnement fluide et homog\u00e8ne du circuit. Sa conception robuste permet une durabilit\u00e9 accrue. Facile \u00e0 int\u00e9grer aux installations existantes.<\/p>","protected":false},"excerpt":{"rendered":"<p>Vaillant segment de distribution pour 3 groupe de pompage de type BOUTEILLE 307597<\/p>","protected":false},"featured_media":21050,"comment_status":"open","ping_status":"closed","template":"","meta":[],"product_brand":[],"product_cat":[9469],"product_tag":[],"class_list":{"0":"post-15337","1":"product","2":"type-product","3":"status-publish","4":"has-post-thumbnail","6":"product_cat-accessoires-chaudieres-vaillant","7":"pa_marque-vaillant","9":"first","10":"instock","11":"sale","12":"taxable","13":"shipping-taxable","14":"purchasable","15":"product-type-simple"},"aioseo_notices":[],"_links":{"self":[{"href":"https:\/\/promochaudiere.be\/nl\/wp-json\/wp\/v2\/product\/15337","targetHints":{"allow":["GET"]}}],"collection":[{"href":"https:\/\/promochaudiere.be\/nl\/wp-json\/wp\/v2\/product"}],"about":[{"href":"https:\/\/promochaudiere.be\/nl\/wp-json\/wp\/v2\/types\/product"}],"replies":[{"embeddable":true,"href":"https:\/\/promochaudiere.be\/nl\/wp-json\/wp\/v2\/comments?post=15337"}],"version-history":[{"count":1,"href":"https:\/\/promochaudiere.be\/nl\/wp-json\/wp\/v2\/product\/15337\/revisions"}],"predecessor-version":[{"id":52844,"href":"https:\/\/promochaudiere.be\/nl\/wp-json\/wp\/v2\/product\/15337\/revisions\/52844"}],"wp:featuredmedia":[{"embeddable":true,"href":"https:\/\/promochaudiere.be\/nl\/wp-json\/wp\/v2\/media\/21050"}],"wp:attachment":[{"href":"https:\/\/promochaudiere.be\/nl\/wp-json\/wp\/v2\/media?parent=15337"}],"wp:term":[{"taxonomy":"product_brand","embeddable":true,"href":"https:\/\/promochaudiere.be\/nl\/wp-json\/wp\/v2\/product_brand?post=15337"},{"taxonomy":"product_cat","embeddable":true,"href":"https:\/\/promochaudiere.be\/nl\/wp-json\/wp\/v2\/product_cat?post=15337"},{"taxonomy":"product_tag","embeddable":true,"href":"https:\/\/promochaudiere.be\/nl\/wp-json\/wp\/v2\/product_tag?post=15337"}],"curies":[{"name":"wp","href":"https:\/\/api.w.org\/{rel}","templated":true}]}}