{"id":15338,"date":"2025-01-17T09:58:39","date_gmt":"2025-01-17T09:58:39","guid":{"rendered":"https:\/\/promochaudiere.be\/produit\/wilo-circulateur-chauffage-central-yonos-pico-15-4-de-longueur-130mm-4-4-4215511\/"},"modified":"2026-02-03T18:16:32","modified_gmt":"2026-02-03T17:16:32","slug":"wilo-circulateur-chauffage-central-yonos-pico-15-4-de-longueur-130mm-4-4-4215511","status":"publish","type":"product","link":"https:\/\/promochaudiere.be\/nl\/product\/wilo-circulateur-chauffage-central-yonos-pico-15-4-de-longueur-130mm-4-4-4215511\/","title":{"rendered":"Wilo circulateur chauffage central Yonos Pico 15-4 de longueur 130mm 4\/4 4215511"},"content":{"rendered":"<p>Ce mod\u00e8le Wilo Yonos Pico 25\/1-4 Mono est con\u00e7u pour assurer une distribution fluide et homog\u00e8ne de l\u2019eau chaude. Il garantit une faible consommation \u00e9nerg\u00e9tique gr\u00e2ce \u00e0 son moteur haute performance. Facile \u00e0 installer, il s\u2019int\u00e8gre aux syst\u00e8mes de chauffage existants. Id\u00e9al pour un rendement thermique efficace et durable.<\/p>","protected":false},"excerpt":{"rendered":"<p>Wilo circulateur chauffage central Yonos Pico 15-4 de longueur 130mm 4\/4 4215511<\/p>","protected":false},"featured_media":21101,"comment_status":"open","ping_status":"closed","template":"","meta":[],"product_brand":[],"product_cat":[660],"product_tag":[],"class_list":{"0":"post-15338","1":"product","2":"type-product","3":"status-publish","4":"has-post-thumbnail","6":"product_cat-circulateur","7":"pa_marque-wilo","9":"first","10":"instock","11":"sale","12":"taxable","13":"shipping-taxable","14":"purchasable","15":"product-type-simple"},"aioseo_notices":[],"_links":{"self":[{"href":"https:\/\/promochaudiere.be\/nl\/wp-json\/wp\/v2\/product\/15338","targetHints":{"allow":["GET"]}}],"collection":[{"href":"https:\/\/promochaudiere.be\/nl\/wp-json\/wp\/v2\/product"}],"about":[{"href":"https:\/\/promochaudiere.be\/nl\/wp-json\/wp\/v2\/types\/product"}],"replies":[{"embeddable":true,"href":"https:\/\/promochaudiere.be\/nl\/wp-json\/wp\/v2\/comments?post=15338"}],"version-history":[{"count":1,"href":"https:\/\/promochaudiere.be\/nl\/wp-json\/wp\/v2\/product\/15338\/revisions"}],"predecessor-version":[{"id":52843,"href":"https:\/\/promochaudiere.be\/nl\/wp-json\/wp\/v2\/product\/15338\/revisions\/52843"}],"wp:featuredmedia":[{"embeddable":true,"href":"https:\/\/promochaudiere.be\/nl\/wp-json\/wp\/v2\/media\/21101"}],"wp:attachment":[{"href":"https:\/\/promochaudiere.be\/nl\/wp-json\/wp\/v2\/media?parent=15338"}],"wp:term":[{"taxonomy":"product_brand","embeddable":true,"href":"https:\/\/promochaudiere.be\/nl\/wp-json\/wp\/v2\/product_brand?post=15338"},{"taxonomy":"product_cat","embeddable":true,"href":"https:\/\/promochaudiere.be\/nl\/wp-json\/wp\/v2\/product_cat?post=15338"},{"taxonomy":"product_tag","embeddable":true,"href":"https:\/\/promochaudiere.be\/nl\/wp-json\/wp\/v2\/product_tag?post=15338"}],"curies":[{"name":"wp","href":"https:\/\/api.w.org\/{rel}","templated":true}]}}