{"id":15342,"date":"2025-01-17T09:58:40","date_gmt":"2025-01-17T09:58:40","guid":{"rendered":"https:\/\/promochaudiere.be\/produit\/vaillait-set-thermostat-vrt380f-2vr940f-0010035733\/"},"modified":"2026-02-03T19:40:08","modified_gmt":"2026-02-03T18:40:08","slug":"vaillait-set-thermostat-vrt380f-2vr940f-0010035733","status":"publish","type":"product","link":"https:\/\/promochaudiere.be\/nl\/product\/vaillait-set-thermostat-vrt380f-2vr940f-0010035733\/","title":{"rendered":"VAILLAIT SET THERMOSTAT VRT380F\/2+VR940F 0010035733"},"content":{"rendered":"<p>Ce set de thermostat Vaillant VRT380F\/2 et module VR940F permet de r\u00e9guler pr\u00e9cis\u00e9ment la temp\u00e9rature des syst\u00e8mes de chauffage. Connect\u00e9 et programmable, il offre un contr\u00f4le \u00e0 distance via smartphone. Son affichage intuitif simplifie les r\u00e9glages et optimise les \u00e9conomies d\u2019\u00e9nergie. Compatible avec plusieurs chaudi\u00e8res, il am\u00e9liore le confort thermique.<\/p>","protected":false},"excerpt":{"rendered":"<p>VAILLAIT SET THERMOSTAT VRT380F\/2+VR940F 0010035733<\/p>","protected":false},"featured_media":21835,"comment_status":"open","ping_status":"closed","template":"","meta":[],"product_brand":[],"product_cat":[8840,532],"product_tag":[],"class_list":{"0":"post-15342","1":"product","2":"type-product","3":"status-publish","4":"has-post-thumbnail","6":"product_cat-test","7":"product_cat-thermostat-vaillant-fr","8":"pa_marque-vaillant","10":"first","11":"instock","12":"sale","13":"taxable","14":"shipping-taxable","15":"purchasable","16":"product-type-simple"},"aioseo_notices":[],"_links":{"self":[{"href":"https:\/\/promochaudiere.be\/nl\/wp-json\/wp\/v2\/product\/15342","targetHints":{"allow":["GET"]}}],"collection":[{"href":"https:\/\/promochaudiere.be\/nl\/wp-json\/wp\/v2\/product"}],"about":[{"href":"https:\/\/promochaudiere.be\/nl\/wp-json\/wp\/v2\/types\/product"}],"replies":[{"embeddable":true,"href":"https:\/\/promochaudiere.be\/nl\/wp-json\/wp\/v2\/comments?post=15342"}],"version-history":[{"count":1,"href":"https:\/\/promochaudiere.be\/nl\/wp-json\/wp\/v2\/product\/15342\/revisions"}],"predecessor-version":[{"id":52842,"href":"https:\/\/promochaudiere.be\/nl\/wp-json\/wp\/v2\/product\/15342\/revisions\/52842"}],"wp:featuredmedia":[{"embeddable":true,"href":"https:\/\/promochaudiere.be\/nl\/wp-json\/wp\/v2\/media\/21835"}],"wp:attachment":[{"href":"https:\/\/promochaudiere.be\/nl\/wp-json\/wp\/v2\/media?parent=15342"}],"wp:term":[{"taxonomy":"product_brand","embeddable":true,"href":"https:\/\/promochaudiere.be\/nl\/wp-json\/wp\/v2\/product_brand?post=15342"},{"taxonomy":"product_cat","embeddable":true,"href":"https:\/\/promochaudiere.be\/nl\/wp-json\/wp\/v2\/product_cat?post=15342"},{"taxonomy":"product_tag","embeddable":true,"href":"https:\/\/promochaudiere.be\/nl\/wp-json\/wp\/v2\/product_tag?post=15342"}],"curies":[{"name":"wp","href":"https:\/\/api.w.org\/{rel}","templated":true}]}}