{"id":15352,"date":"2025-01-17T09:58:45","date_gmt":"2025-01-17T09:58:45","guid":{"rendered":"https:\/\/promochaudiere.be\/produit\/grundfos-pompe-vide-cave-cc7a1cs-flotteur-hors-recupel-98624463\/"},"modified":"2026-02-03T19:40:07","modified_gmt":"2026-02-03T18:40:07","slug":"grundfos-pompe-vide-cave-cc7a1cs-flotteur-hors-recupel-98624463","status":"publish","type":"product","link":"https:\/\/promochaudiere.be\/nl\/product\/grundfos-pompe-vide-cave-cc7a1cs-flotteur-hors-recupel-98624463\/","title":{"rendered":"Grundfos Pompe VIDE-CAVE CC7A1CS + flotteur HORS RECUPEL 98624463"},"content":{"rendered":"<p>Cette pompe vide-cave Grundfos est id\u00e9ale pour \u00e9vacuer rapidement l\u2019eau des sous-sols et garages inond\u00e9s. Son flotteur int\u00e9gr\u00e9 assure un d\u00e9clenchement automatique en fonction du niveau d\u2019eau. Sa conception robuste lui permet de fonctionner en continu sans surchauffe. Un outil indispensable pour prot\u00e9ger votre habitation contre l\u2019humidit\u00e9.<\/p>","protected":false},"excerpt":{"rendered":"<p>Grundfos Pompe VIDE-CAVE CC7A1CS + flotteur HORS RECUPEL 98624463<\/p>","protected":false},"featured_media":21175,"comment_status":"open","ping_status":"closed","template":"","meta":[],"product_brand":[],"product_cat":[298],"product_tag":[],"class_list":{"0":"post-15352","1":"product","2":"type-product","3":"status-publish","4":"has-post-thumbnail","6":"product_cat-pompe","7":"pa_marque-grundfos","9":"first","10":"instock","11":"sale","12":"taxable","13":"shipping-taxable","14":"purchasable","15":"product-type-simple"},"aioseo_notices":[],"_links":{"self":[{"href":"https:\/\/promochaudiere.be\/nl\/wp-json\/wp\/v2\/product\/15352","targetHints":{"allow":["GET"]}}],"collection":[{"href":"https:\/\/promochaudiere.be\/nl\/wp-json\/wp\/v2\/product"}],"about":[{"href":"https:\/\/promochaudiere.be\/nl\/wp-json\/wp\/v2\/types\/product"}],"replies":[{"embeddable":true,"href":"https:\/\/promochaudiere.be\/nl\/wp-json\/wp\/v2\/comments?post=15352"}],"version-history":[{"count":1,"href":"https:\/\/promochaudiere.be\/nl\/wp-json\/wp\/v2\/product\/15352\/revisions"}],"predecessor-version":[{"id":44884,"href":"https:\/\/promochaudiere.be\/nl\/wp-json\/wp\/v2\/product\/15352\/revisions\/44884"}],"wp:featuredmedia":[{"embeddable":true,"href":"https:\/\/promochaudiere.be\/nl\/wp-json\/wp\/v2\/media\/21175"}],"wp:attachment":[{"href":"https:\/\/promochaudiere.be\/nl\/wp-json\/wp\/v2\/media?parent=15352"}],"wp:term":[{"taxonomy":"product_brand","embeddable":true,"href":"https:\/\/promochaudiere.be\/nl\/wp-json\/wp\/v2\/product_brand?post=15352"},{"taxonomy":"product_cat","embeddable":true,"href":"https:\/\/promochaudiere.be\/nl\/wp-json\/wp\/v2\/product_cat?post=15352"},{"taxonomy":"product_tag","embeddable":true,"href":"https:\/\/promochaudiere.be\/nl\/wp-json\/wp\/v2\/product_tag?post=15352"}],"curies":[{"name":"wp","href":"https:\/\/api.w.org\/{rel}","templated":true}]}}