{"id":15357,"date":"2025-01-17T09:58:47","date_gmt":"2025-01-17T09:58:47","guid":{"rendered":"https:\/\/promochaudiere.be\/produit\/wilo-circulateur-sanitaire-yonos-pico-z-15-05-4-140-4255411\/"},"modified":"2026-02-03T19:40:05","modified_gmt":"2026-02-03T18:40:05","slug":"wilo-circulateur-sanitaire-yonos-pico-z-15-05-4-140-4255411","status":"publish","type":"product","link":"https:\/\/promochaudiere.be\/nl\/product\/wilo-circulateur-sanitaire-yonos-pico-z-15-05-4-140-4255411\/","title":{"rendered":"WILO CIRCULATEUR SANITAIRE YONOS PICO-Z 15\/0,5-4 140 4255411"},"content":{"rendered":"<p>Ce circulateur Wilo Yonos Pico-Z est sp\u00e9cialement con\u00e7u pour les installations sanitaires. Il garantit une circulation rapide et efficace de l\u2019eau chaude sanitaire. Son moteur \u00e9co\u00e9nerg\u00e9tique r\u00e9duit la consommation \u00e9lectrique. Son installation est rapide et intuitive. Un accessoire essentiel pour un confort optimal en eau chaude.<\/p>","protected":false},"excerpt":{"rendered":"<p>WILO CIRCULATEUR SANITAIRE YONOS PICO-Z 15\/0,5-4 140 4255411<\/p>","protected":false},"featured_media":21100,"comment_status":"open","ping_status":"closed","template":"","meta":[],"product_brand":[],"product_cat":[660],"product_tag":[],"class_list":{"0":"post-15357","1":"product","2":"type-product","3":"status-publish","4":"has-post-thumbnail","6":"product_cat-circulateur","7":"pa_marque-wilo","9":"first","10":"instock","11":"sale","12":"taxable","13":"shipping-taxable","14":"purchasable","15":"product-type-simple"},"aioseo_notices":[],"_links":{"self":[{"href":"https:\/\/promochaudiere.be\/nl\/wp-json\/wp\/v2\/product\/15357","targetHints":{"allow":["GET"]}}],"collection":[{"href":"https:\/\/promochaudiere.be\/nl\/wp-json\/wp\/v2\/product"}],"about":[{"href":"https:\/\/promochaudiere.be\/nl\/wp-json\/wp\/v2\/types\/product"}],"replies":[{"embeddable":true,"href":"https:\/\/promochaudiere.be\/nl\/wp-json\/wp\/v2\/comments?post=15357"}],"version-history":[{"count":1,"href":"https:\/\/promochaudiere.be\/nl\/wp-json\/wp\/v2\/product\/15357\/revisions"}],"predecessor-version":[{"id":52841,"href":"https:\/\/promochaudiere.be\/nl\/wp-json\/wp\/v2\/product\/15357\/revisions\/52841"}],"wp:featuredmedia":[{"embeddable":true,"href":"https:\/\/promochaudiere.be\/nl\/wp-json\/wp\/v2\/media\/21100"}],"wp:attachment":[{"href":"https:\/\/promochaudiere.be\/nl\/wp-json\/wp\/v2\/media?parent=15357"}],"wp:term":[{"taxonomy":"product_brand","embeddable":true,"href":"https:\/\/promochaudiere.be\/nl\/wp-json\/wp\/v2\/product_brand?post=15357"},{"taxonomy":"product_cat","embeddable":true,"href":"https:\/\/promochaudiere.be\/nl\/wp-json\/wp\/v2\/product_cat?post=15357"},{"taxonomy":"product_tag","embeddable":true,"href":"https:\/\/promochaudiere.be\/nl\/wp-json\/wp\/v2\/product_tag?post=15357"}],"curies":[{"name":"wp","href":"https:\/\/api.w.org\/{rel}","templated":true}]}}