{"id":15366,"date":"2025-01-17T09:58:51","date_gmt":"2025-01-17T09:58:51","guid":{"rendered":"https:\/\/promochaudiere.be\/produit\/devidoir-fixe-deco-d-4-4-30m-8922335\/"},"modified":"2026-02-03T18:16:33","modified_gmt":"2026-02-03T17:16:33","slug":"devidoir-fixe-deco-d-4-4-30m-8922335","status":"publish","type":"product","link":"https:\/\/promochaudiere.be\/nl\/product\/devidoir-fixe-deco-d-4-4-30m-8922335\/","title":{"rendered":"DEVIDOIR FIXE DECO D 4\/4&Prime;-30M 8922335"},"content":{"rendered":"<p>Profitez d\u2019un rangement efficace et structur\u00e9 avec le d\u00e9vidoir fixe DECO D 4\/4&Prime;-30M. Con\u00e7u pour accueillir jusqu\u2019\u00e0 30 m\u00e8tres de tuyau, il permet une gestion simple et sans encombre de votre arrosage. Son support mural facilite l\u2019installation et assure une stabilit\u00e9 parfaite. Gr\u00e2ce \u00e0 sa structure robuste, il r\u00e9siste aux intemp\u00e9ries et aux usages fr\u00e9quents. Un accessoire id\u00e9al pour optimiser votre espace ext\u00e9rieur. Parfait pour les particuliers comme pour les professionnels du jardinage.<\/p>","protected":false},"excerpt":{"rendered":"<p>DEVIDOIR FIXE DECO D 4\/4&Prime;-30M 8922335<\/p>","protected":false},"featured_media":21116,"comment_status":"open","ping_status":"closed","template":"","meta":[],"product_brand":[],"product_cat":[5551],"product_tag":[],"class_list":{"0":"post-15366","1":"product","2":"type-product","3":"status-publish","4":"has-post-thumbnail","6":"product_cat-protection-incendie","8":"first","9":"instock","10":"sale","11":"taxable","12":"shipping-taxable","13":"purchasable","14":"product-type-simple"},"aioseo_notices":[],"_links":{"self":[{"href":"https:\/\/promochaudiere.be\/nl\/wp-json\/wp\/v2\/product\/15366","targetHints":{"allow":["GET"]}}],"collection":[{"href":"https:\/\/promochaudiere.be\/nl\/wp-json\/wp\/v2\/product"}],"about":[{"href":"https:\/\/promochaudiere.be\/nl\/wp-json\/wp\/v2\/types\/product"}],"replies":[{"embeddable":true,"href":"https:\/\/promochaudiere.be\/nl\/wp-json\/wp\/v2\/comments?post=15366"}],"version-history":[{"count":1,"href":"https:\/\/promochaudiere.be\/nl\/wp-json\/wp\/v2\/product\/15366\/revisions"}],"predecessor-version":[{"id":52839,"href":"https:\/\/promochaudiere.be\/nl\/wp-json\/wp\/v2\/product\/15366\/revisions\/52839"}],"wp:featuredmedia":[{"embeddable":true,"href":"https:\/\/promochaudiere.be\/nl\/wp-json\/wp\/v2\/media\/21116"}],"wp:attachment":[{"href":"https:\/\/promochaudiere.be\/nl\/wp-json\/wp\/v2\/media?parent=15366"}],"wp:term":[{"taxonomy":"product_brand","embeddable":true,"href":"https:\/\/promochaudiere.be\/nl\/wp-json\/wp\/v2\/product_brand?post=15366"},{"taxonomy":"product_cat","embeddable":true,"href":"https:\/\/promochaudiere.be\/nl\/wp-json\/wp\/v2\/product_cat?post=15366"},{"taxonomy":"product_tag","embeddable":true,"href":"https:\/\/promochaudiere.be\/nl\/wp-json\/wp\/v2\/product_tag?post=15366"}],"curies":[{"name":"wp","href":"https:\/\/api.w.org\/{rel}","templated":true}]}}