{"id":15380,"date":"2025-01-17T09:58:57","date_gmt":"2025-01-17T09:58:57","guid":{"rendered":"https:\/\/promochaudiere.be\/produit\/dab-jetcom-82m-presscontrol-60213253\/"},"modified":"2026-02-03T19:40:08","modified_gmt":"2026-02-03T18:40:08","slug":"dab-jetcom-82m-presscontrol-60213253","status":"publish","type":"product","link":"https:\/\/promochaudiere.be\/nl\/product\/dab-jetcom-82m-presscontrol-60213253\/","title":{"rendered":"DAB JETCOM 82m + PRESSCONTROL 60213253"},"content":{"rendered":"<p>Cette pompe auto-amor\u00e7ante assure un d\u00e9bit r\u00e9gulier sur de longues distances. Son presscontrol int\u00e9gr\u00e9 r\u00e9gule automatiquement la pression d\u2019eau. Elle est id\u00e9ale pour l\u2019irrigation et l\u2019alimentation domestique. Son moteur puissant garantit une efficacit\u00e9 \u00e9nerg\u00e9tique et une faible consommation. Facile \u00e0 installer, elle s\u2019adapte aux circuits d\u2019eau existants. Un syst\u00e8me performant pour une alimentation en eau optimale.<\/p>","protected":false},"excerpt":{"rendered":"<p>DAB JETCOM 82m + PRESSCONTROL 60213253<\/p>","protected":false},"featured_media":21183,"comment_status":"open","ping_status":"closed","template":"","meta":[],"product_brand":[],"product_cat":[298],"product_tag":[],"class_list":{"0":"post-15380","1":"product","2":"type-product","3":"status-publish","4":"has-post-thumbnail","6":"product_cat-pompe","7":"pa_marque-dab","9":"first","10":"instock","11":"sale","12":"taxable","13":"shipping-taxable","14":"purchasable","15":"product-type-simple"},"aioseo_notices":[],"_links":{"self":[{"href":"https:\/\/promochaudiere.be\/nl\/wp-json\/wp\/v2\/product\/15380","targetHints":{"allow":["GET"]}}],"collection":[{"href":"https:\/\/promochaudiere.be\/nl\/wp-json\/wp\/v2\/product"}],"about":[{"href":"https:\/\/promochaudiere.be\/nl\/wp-json\/wp\/v2\/types\/product"}],"replies":[{"embeddable":true,"href":"https:\/\/promochaudiere.be\/nl\/wp-json\/wp\/v2\/comments?post=15380"}],"version-history":[{"count":1,"href":"https:\/\/promochaudiere.be\/nl\/wp-json\/wp\/v2\/product\/15380\/revisions"}],"predecessor-version":[{"id":44860,"href":"https:\/\/promochaudiere.be\/nl\/wp-json\/wp\/v2\/product\/15380\/revisions\/44860"}],"wp:featuredmedia":[{"embeddable":true,"href":"https:\/\/promochaudiere.be\/nl\/wp-json\/wp\/v2\/media\/21183"}],"wp:attachment":[{"href":"https:\/\/promochaudiere.be\/nl\/wp-json\/wp\/v2\/media?parent=15380"}],"wp:term":[{"taxonomy":"product_brand","embeddable":true,"href":"https:\/\/promochaudiere.be\/nl\/wp-json\/wp\/v2\/product_brand?post=15380"},{"taxonomy":"product_cat","embeddable":true,"href":"https:\/\/promochaudiere.be\/nl\/wp-json\/wp\/v2\/product_cat?post=15380"},{"taxonomy":"product_tag","embeddable":true,"href":"https:\/\/promochaudiere.be\/nl\/wp-json\/wp\/v2\/product_tag?post=15380"}],"curies":[{"name":"wp","href":"https:\/\/api.w.org\/{rel}","templated":true}]}}