{"id":15389,"date":"2025-01-17T09:59:00","date_gmt":"2025-01-17T09:59:00","guid":{"rendered":"https:\/\/promochaudiere.be\/produit\/meibes-bouteille-casse-pression-avec-separateur-dair-et-de-boues-dn32-kw70-m6639331\/"},"modified":"2026-02-03T18:16:39","modified_gmt":"2026-02-03T17:16:39","slug":"meibes-bouteille-casse-pression-avec-separateur-dair-et-de-boues-dn32-kw70-m6639331","status":"publish","type":"product","link":"https:\/\/promochaudiere.be\/product\/meibes-bouteille-casse-pression-avec-separateur-dair-et-de-boues-dn32-kw70-m6639331\/","title":{"rendered":"MEIBES BOUTEILLE CASSE-PRESSION AVEC SEPARATEUR D&rsquo;AIR ET DE BOUES DN32 KW70 M6639331"},"content":{"rendered":"<p>Cette bouteille casse-pression Meibes en 1&Prime;1\/2 est id\u00e9ale pour \u00e9quilibrer les circuits de chauffage centralis\u00e9s. Son s\u00e9parateur int\u00e9gr\u00e9 \u00e9limine les impuret\u00e9s et assure un d\u00e9bit constant. Son installation est rapide et s\u00e9curis\u00e9e. Fabriqu\u00e9e avec des mat\u00e9riaux de haute qualit\u00e9, elle garantit une long\u00e9vit\u00e9 accrue. Un \u00e9l\u00e9ment essentiel pour une performance \u00e9nerg\u00e9tique am\u00e9lior\u00e9e.<\/p>","protected":false},"excerpt":{"rendered":"<p>MEIBES BOUTEILLE CASSE-PRESSION AVEC SEPARATEUR D&rsquo;AIR ET DE BOUES DN32 KW70 M6639331<\/p>","protected":false},"featured_media":21112,"comment_status":"open","ping_status":"closed","template":"","meta":[],"product_brand":[],"product_cat":[5541],"product_tag":[],"class_list":{"0":"post-15389","1":"product","2":"type-product","3":"status-publish","4":"has-post-thumbnail","6":"product_cat-groupe-de-pompe","7":"pa_marque-meibes","9":"first","10":"instock","11":"sale","12":"taxable","13":"shipping-taxable","14":"purchasable","15":"product-type-simple"},"aioseo_notices":[],"_links":{"self":[{"href":"https:\/\/promochaudiere.be\/nl\/wp-json\/wp\/v2\/product\/15389","targetHints":{"allow":["GET"]}}],"collection":[{"href":"https:\/\/promochaudiere.be\/nl\/wp-json\/wp\/v2\/product"}],"about":[{"href":"https:\/\/promochaudiere.be\/nl\/wp-json\/wp\/v2\/types\/product"}],"replies":[{"embeddable":true,"href":"https:\/\/promochaudiere.be\/nl\/wp-json\/wp\/v2\/comments?post=15389"}],"version-history":[{"count":1,"href":"https:\/\/promochaudiere.be\/nl\/wp-json\/wp\/v2\/product\/15389\/revisions"}],"predecessor-version":[{"id":44854,"href":"https:\/\/promochaudiere.be\/nl\/wp-json\/wp\/v2\/product\/15389\/revisions\/44854"}],"wp:featuredmedia":[{"embeddable":true,"href":"https:\/\/promochaudiere.be\/nl\/wp-json\/wp\/v2\/media\/21112"}],"wp:attachment":[{"href":"https:\/\/promochaudiere.be\/nl\/wp-json\/wp\/v2\/media?parent=15389"}],"wp:term":[{"taxonomy":"product_brand","embeddable":true,"href":"https:\/\/promochaudiere.be\/nl\/wp-json\/wp\/v2\/product_brand?post=15389"},{"taxonomy":"product_cat","embeddable":true,"href":"https:\/\/promochaudiere.be\/nl\/wp-json\/wp\/v2\/product_cat?post=15389"},{"taxonomy":"product_tag","embeddable":true,"href":"https:\/\/promochaudiere.be\/nl\/wp-json\/wp\/v2\/product_tag?post=15389"}],"curies":[{"name":"wp","href":"https:\/\/api.w.org\/{rel}","templated":true}]}}