{"id":15394,"date":"2025-01-17T09:59:02","date_gmt":"2025-01-17T09:59:02","guid":{"rendered":"https:\/\/promochaudiere.be\/produit\/reflex-vase-dexpansion-sanitaire-reflex-refix-de-60-l-10bar-7306400\/"},"modified":"2026-02-03T18:16:40","modified_gmt":"2026-02-03T17:16:40","slug":"reflex-vase-dexpansion-sanitaire-reflex-refix-de-60-l-10bar-7306400","status":"publish","type":"product","link":"https:\/\/promochaudiere.be\/nl\/product\/reflex-vase-dexpansion-sanitaire-reflex-refix-de-60-l-10bar-7306400\/","title":{"rendered":"Reflex vase d&rsquo;expansion sanitaire reflex refix de 60 l 10BAR 7306400"},"content":{"rendered":"<p>Le vase d\u2019expansion sanitaire Reflex Refix de 8 litres est con\u00e7u pour absorber les variations de pression dans les circuits d\u2019eau potable. Il am\u00e9liore la long\u00e9vit\u00e9 des installations et optimise le rendement du r\u00e9seau.<\/p>","protected":false},"excerpt":{"rendered":"<p>Reflex vase d&rsquo;expansion sanitaire reflex refix de 60 l 10BAR 7306400<\/p>","protected":false},"featured_media":21127,"comment_status":"open","ping_status":"closed","template":"","meta":[],"product_brand":[],"product_cat":[322],"product_tag":[],"class_list":{"0":"post-15394","1":"product","2":"type-product","3":"status-publish","4":"has-post-thumbnail","6":"product_cat-vase-dexpansion","7":"pa_marque-reflex","9":"first","10":"instock","11":"sale","12":"taxable","13":"shipping-taxable","14":"purchasable","15":"product-type-simple"},"aioseo_notices":[],"_links":{"self":[{"href":"https:\/\/promochaudiere.be\/nl\/wp-json\/wp\/v2\/product\/15394","targetHints":{"allow":["GET"]}}],"collection":[{"href":"https:\/\/promochaudiere.be\/nl\/wp-json\/wp\/v2\/product"}],"about":[{"href":"https:\/\/promochaudiere.be\/nl\/wp-json\/wp\/v2\/types\/product"}],"replies":[{"embeddable":true,"href":"https:\/\/promochaudiere.be\/nl\/wp-json\/wp\/v2\/comments?post=15394"}],"version-history":[{"count":1,"href":"https:\/\/promochaudiere.be\/nl\/wp-json\/wp\/v2\/product\/15394\/revisions"}],"predecessor-version":[{"id":44849,"href":"https:\/\/promochaudiere.be\/nl\/wp-json\/wp\/v2\/product\/15394\/revisions\/44849"}],"wp:featuredmedia":[{"embeddable":true,"href":"https:\/\/promochaudiere.be\/nl\/wp-json\/wp\/v2\/media\/21127"}],"wp:attachment":[{"href":"https:\/\/promochaudiere.be\/nl\/wp-json\/wp\/v2\/media?parent=15394"}],"wp:term":[{"taxonomy":"product_brand","embeddable":true,"href":"https:\/\/promochaudiere.be\/nl\/wp-json\/wp\/v2\/product_brand?post=15394"},{"taxonomy":"product_cat","embeddable":true,"href":"https:\/\/promochaudiere.be\/nl\/wp-json\/wp\/v2\/product_cat?post=15394"},{"taxonomy":"product_tag","embeddable":true,"href":"https:\/\/promochaudiere.be\/nl\/wp-json\/wp\/v2\/product_tag?post=15394"}],"curies":[{"name":"wp","href":"https:\/\/api.w.org\/{rel}","templated":true}]}}