{"id":15395,"date":"2025-01-17T09:59:03","date_gmt":"2025-01-17T09:59:03","guid":{"rendered":"https:\/\/promochaudiere.be\/produit\/zehnder-coquille-et-ventilateur-ca-q350-400502005\/"},"modified":"2026-02-03T18:16:36","modified_gmt":"2026-02-03T17:16:36","slug":"zehnder-coquille-et-ventilateur-ca-q350-400502005","status":"publish","type":"product","link":"https:\/\/promochaudiere.be\/nl\/product\/zehnder-coquille-et-ventilateur-ca-q350-400502005\/","title":{"rendered":"ZEHNDER COQUILLE ET VENTILATEUR CA Q350 400502005"},"content":{"rendered":"<p>Cette coquille et ventilateur Zehnder CA Q350 assurent un renouvellement d\u2019air efficace et silencieux. Compatible avec les syst\u00e8mes ComfoAir Q350, elle garantit une ventilation performante. Son moteur basse consommation optimise la gestion \u00e9nerg\u00e9tique. Un accessoire essentiel pour une ventilation ma\u00eetris\u00e9e.<\/p>","protected":false},"excerpt":{"rendered":"<p>ZEHNDER COQUILLE ET VENTILATEUR CA Q350 400502005<\/p>","protected":false},"featured_media":21217,"comment_status":"open","ping_status":"closed","template":"","meta":[],"product_brand":[],"product_cat":[10891],"product_tag":[],"class_list":{"0":"post-15395","1":"product","2":"type-product","3":"status-publish","4":"has-post-thumbnail","6":"product_cat-pieces-detachees-zehnder","7":"pa_marque-zehnder","9":"first","10":"instock","11":"sale","12":"taxable","13":"shipping-taxable","14":"purchasable","15":"product-type-simple"},"aioseo_notices":[],"_links":{"self":[{"href":"https:\/\/promochaudiere.be\/nl\/wp-json\/wp\/v2\/product\/15395","targetHints":{"allow":["GET"]}}],"collection":[{"href":"https:\/\/promochaudiere.be\/nl\/wp-json\/wp\/v2\/product"}],"about":[{"href":"https:\/\/promochaudiere.be\/nl\/wp-json\/wp\/v2\/types\/product"}],"replies":[{"embeddable":true,"href":"https:\/\/promochaudiere.be\/nl\/wp-json\/wp\/v2\/comments?post=15395"}],"version-history":[{"count":1,"href":"https:\/\/promochaudiere.be\/nl\/wp-json\/wp\/v2\/product\/15395\/revisions"}],"predecessor-version":[{"id":52837,"href":"https:\/\/promochaudiere.be\/nl\/wp-json\/wp\/v2\/product\/15395\/revisions\/52837"}],"wp:featuredmedia":[{"embeddable":true,"href":"https:\/\/promochaudiere.be\/nl\/wp-json\/wp\/v2\/media\/21217"}],"wp:attachment":[{"href":"https:\/\/promochaudiere.be\/nl\/wp-json\/wp\/v2\/media?parent=15395"}],"wp:term":[{"taxonomy":"product_brand","embeddable":true,"href":"https:\/\/promochaudiere.be\/nl\/wp-json\/wp\/v2\/product_brand?post=15395"},{"taxonomy":"product_cat","embeddable":true,"href":"https:\/\/promochaudiere.be\/nl\/wp-json\/wp\/v2\/product_cat?post=15395"},{"taxonomy":"product_tag","embeddable":true,"href":"https:\/\/promochaudiere.be\/nl\/wp-json\/wp\/v2\/product_tag?post=15395"}],"curies":[{"name":"wp","href":"https:\/\/api.w.org\/{rel}","templated":true}]}}