{"id":15408,"date":"2025-01-17T09:59:08","date_gmt":"2025-01-17T09:59:08","guid":{"rendered":"https:\/\/promochaudiere.be\/produit\/grundfos-circulateur-sanitaire-comfort-15-14-bx-tdt-l140-4-4-m-93093665\/"},"modified":"2026-02-03T18:16:30","modified_gmt":"2026-02-03T17:16:30","slug":"grundfos-circulateur-sanitaire-comfort-15-14-bx-tdt-l140-4-4-m-93093665","status":"publish","type":"product","link":"https:\/\/promochaudiere.be\/nl\/product\/grundfos-circulateur-sanitaire-comfort-15-14-bx-tdt-l140-4-4-m-93093665\/","title":{"rendered":"Grundfos Circulateur sanitaire comfort 15-14 BX TDT  L140 4\/4&Prime; M 93093665"},"content":{"rendered":"<p>Le circulateur sanitaire Grundfos Comfort 15-14 BXA PM est con\u00e7u pour assurer une distribution rapide et homog\u00e8ne de l\u2019eau chaude sanitaire. Il permet de r\u00e9duire les pertes d\u2019\u00e9nergie en maintenant l\u2019eau \u00e0 la temp\u00e9rature id\u00e9ale. Son moteur \u00e0 haut rendement garantit un fonctionnement silencieux et \u00e9conomique. Facile \u00e0 installer, il am\u00e9liore le confort au quotidien tout en r\u00e9duisant la consommation d\u2019eau. Un choix id\u00e9al pour une maison plus \u00e9cologique et \u00e9conome.<\/p>","protected":false},"excerpt":{"rendered":"<p>Grundfos Circulateur sanitaire comfort 15-14 BX TDT  L140 4\/4&Prime; M 93093665<\/p>","protected":false},"featured_media":21089,"comment_status":"open","ping_status":"closed","template":"","meta":[],"product_brand":[],"product_cat":[660],"product_tag":[],"class_list":{"0":"post-15408","1":"product","2":"type-product","3":"status-publish","4":"has-post-thumbnail","6":"product_cat-circulateur","7":"pa_marque-grundfos","9":"first","10":"instock","11":"sale","12":"taxable","13":"shipping-taxable","14":"purchasable","15":"product-type-simple"},"aioseo_notices":[],"_links":{"self":[{"href":"https:\/\/promochaudiere.be\/nl\/wp-json\/wp\/v2\/product\/15408","targetHints":{"allow":["GET"]}}],"collection":[{"href":"https:\/\/promochaudiere.be\/nl\/wp-json\/wp\/v2\/product"}],"about":[{"href":"https:\/\/promochaudiere.be\/nl\/wp-json\/wp\/v2\/types\/product"}],"replies":[{"embeddable":true,"href":"https:\/\/promochaudiere.be\/nl\/wp-json\/wp\/v2\/comments?post=15408"}],"version-history":[{"count":1,"href":"https:\/\/promochaudiere.be\/nl\/wp-json\/wp\/v2\/product\/15408\/revisions"}],"predecessor-version":[{"id":44837,"href":"https:\/\/promochaudiere.be\/nl\/wp-json\/wp\/v2\/product\/15408\/revisions\/44837"}],"wp:featuredmedia":[{"embeddable":true,"href":"https:\/\/promochaudiere.be\/nl\/wp-json\/wp\/v2\/media\/21089"}],"wp:attachment":[{"href":"https:\/\/promochaudiere.be\/nl\/wp-json\/wp\/v2\/media?parent=15408"}],"wp:term":[{"taxonomy":"product_brand","embeddable":true,"href":"https:\/\/promochaudiere.be\/nl\/wp-json\/wp\/v2\/product_brand?post=15408"},{"taxonomy":"product_cat","embeddable":true,"href":"https:\/\/promochaudiere.be\/nl\/wp-json\/wp\/v2\/product_cat?post=15408"},{"taxonomy":"product_tag","embeddable":true,"href":"https:\/\/promochaudiere.be\/nl\/wp-json\/wp\/v2\/product_tag?post=15408"}],"curies":[{"name":"wp","href":"https:\/\/api.w.org\/{rel}","templated":true}]}}