{"id":15417,"date":"2025-01-17T09:59:12","date_gmt":"2025-01-17T09:59:12","guid":{"rendered":"https:\/\/promochaudiere.be\/produit\/wilo-vide-cave-wilo-drain-tmw-32-8a-cable-3m-4048413\/"},"modified":"2026-02-03T19:40:07","modified_gmt":"2026-02-03T18:40:07","slug":"wilo-vide-cave-wilo-drain-tmw-32-8a-cable-3m-4048413","status":"publish","type":"product","link":"https:\/\/promochaudiere.be\/nl\/product\/wilo-vide-cave-wilo-drain-tmw-32-8a-cable-3m-4048413\/","title":{"rendered":"Wilo VIDE-CAVE WILO-DRAIN TMW 32\/8A C\u00c2BLE 3M 4048413"},"content":{"rendered":"<p>Cette pompe vide-cave Wilo-Drain TMW 32\/8A est id\u00e9ale pour l\u2019\u00e9vacuation des eaux us\u00e9es et pluviales. Son moteur puissant garantit un d\u00e9bit efficace et rapide. \u00c9quip\u00e9e d\u2019un c\u00e2ble de 3 m\u00e8tres, elle permet une installation flexible. Sa conception robuste assure une longue dur\u00e9e de vie et une r\u00e9sistance aux conditions difficiles. Facile \u00e0 poser, elle optimise la gestion des eaux de drainage. Un accessoire indispensable pour pr\u00e9venir les inondations.<\/p>","protected":false},"excerpt":{"rendered":"<p>Wilo VIDE-CAVE WILO-DRAIN TMW 32\/8A C\u00c2BLE 3M 4048413<\/p>","protected":false},"featured_media":21199,"comment_status":"open","ping_status":"closed","template":"","meta":[],"product_brand":[],"product_cat":[706],"product_tag":[],"class_list":{"0":"post-15417","1":"product","2":"type-product","3":"status-publish","4":"has-post-thumbnail","6":"product_cat-pompe-hydrophore","7":"pa_marque-wilo","9":"first","10":"instock","11":"sale","12":"taxable","13":"shipping-taxable","14":"purchasable","15":"product-type-simple"},"aioseo_notices":[],"_links":{"self":[{"href":"https:\/\/promochaudiere.be\/nl\/wp-json\/wp\/v2\/product\/15417","targetHints":{"allow":["GET"]}}],"collection":[{"href":"https:\/\/promochaudiere.be\/nl\/wp-json\/wp\/v2\/product"}],"about":[{"href":"https:\/\/promochaudiere.be\/nl\/wp-json\/wp\/v2\/types\/product"}],"replies":[{"embeddable":true,"href":"https:\/\/promochaudiere.be\/nl\/wp-json\/wp\/v2\/comments?post=15417"}],"version-history":[{"count":1,"href":"https:\/\/promochaudiere.be\/nl\/wp-json\/wp\/v2\/product\/15417\/revisions"}],"predecessor-version":[{"id":52836,"href":"https:\/\/promochaudiere.be\/nl\/wp-json\/wp\/v2\/product\/15417\/revisions\/52836"}],"wp:featuredmedia":[{"embeddable":true,"href":"https:\/\/promochaudiere.be\/nl\/wp-json\/wp\/v2\/media\/21199"}],"wp:attachment":[{"href":"https:\/\/promochaudiere.be\/nl\/wp-json\/wp\/v2\/media?parent=15417"}],"wp:term":[{"taxonomy":"product_brand","embeddable":true,"href":"https:\/\/promochaudiere.be\/nl\/wp-json\/wp\/v2\/product_brand?post=15417"},{"taxonomy":"product_cat","embeddable":true,"href":"https:\/\/promochaudiere.be\/nl\/wp-json\/wp\/v2\/product_cat?post=15417"},{"taxonomy":"product_tag","embeddable":true,"href":"https:\/\/promochaudiere.be\/nl\/wp-json\/wp\/v2\/product_tag?post=15417"}],"curies":[{"name":"wp","href":"https:\/\/api.w.org\/{rel}","templated":true}]}}