{"id":15422,"date":"2025-01-17T09:59:14","date_gmt":"2025-01-17T09:59:14","guid":{"rendered":"https:\/\/promochaudiere.be\/produit\/grundfos-circulateur-chauffage-central-alpha2-25-40-l180-6-4-99411165\/"},"modified":"2026-02-03T19:40:07","modified_gmt":"2026-02-03T18:40:07","slug":"grundfos-circulateur-chauffage-central-alpha2-25-40-l180-6-4-99411165","status":"publish","type":"product","link":"https:\/\/promochaudiere.be\/nl\/product\/grundfos-circulateur-chauffage-central-alpha2-25-40-l180-6-4-99411165\/","title":{"rendered":"GRUNDFOS CIRCULATEUR CHAUFFAGE CENTRAL ALPHA2 25-40 L180 6\/4&Prime; 99411165"},"content":{"rendered":"<p>Le circulateur Grundfos Alpha2 25-40 est con\u00e7u pour garantir une distribution homog\u00e8ne de la chaleur dans les installations de chauffage domestiques. Sa technologie \u00e0 haut rendement r\u00e9duit la consommation \u00e9nerg\u00e9tique tout en maintenant un confort thermique optimal. Son format compact permet une installation rapide et sans encombre. Une solution id\u00e9ale pour un chauffage performant et \u00e9conomique.<\/p>","protected":false},"excerpt":{"rendered":"<p>GRUNDFOS CIRCULATEUR CHAUFFAGE CENTRAL ALPHA2 25-40 L180 6\/4&Prime; 99411165<\/p>","protected":false},"featured_media":21083,"comment_status":"open","ping_status":"closed","template":"","meta":[],"product_brand":[],"product_cat":[660],"product_tag":[],"class_list":{"0":"post-15422","1":"product","2":"type-product","3":"status-publish","4":"has-post-thumbnail","6":"product_cat-circulateur","7":"pa_marque-grundfos","9":"first","10":"instock","11":"sale","12":"taxable","13":"shipping-taxable","14":"purchasable","15":"product-type-simple"},"aioseo_notices":[],"_links":{"self":[{"href":"https:\/\/promochaudiere.be\/nl\/wp-json\/wp\/v2\/product\/15422","targetHints":{"allow":["GET"]}}],"collection":[{"href":"https:\/\/promochaudiere.be\/nl\/wp-json\/wp\/v2\/product"}],"about":[{"href":"https:\/\/promochaudiere.be\/nl\/wp-json\/wp\/v2\/types\/product"}],"replies":[{"embeddable":true,"href":"https:\/\/promochaudiere.be\/nl\/wp-json\/wp\/v2\/comments?post=15422"}],"version-history":[{"count":1,"href":"https:\/\/promochaudiere.be\/nl\/wp-json\/wp\/v2\/product\/15422\/revisions"}],"predecessor-version":[{"id":44822,"href":"https:\/\/promochaudiere.be\/nl\/wp-json\/wp\/v2\/product\/15422\/revisions\/44822"}],"wp:featuredmedia":[{"embeddable":true,"href":"https:\/\/promochaudiere.be\/nl\/wp-json\/wp\/v2\/media\/21083"}],"wp:attachment":[{"href":"https:\/\/promochaudiere.be\/nl\/wp-json\/wp\/v2\/media?parent=15422"}],"wp:term":[{"taxonomy":"product_brand","embeddable":true,"href":"https:\/\/promochaudiere.be\/nl\/wp-json\/wp\/v2\/product_brand?post=15422"},{"taxonomy":"product_cat","embeddable":true,"href":"https:\/\/promochaudiere.be\/nl\/wp-json\/wp\/v2\/product_cat?post=15422"},{"taxonomy":"product_tag","embeddable":true,"href":"https:\/\/promochaudiere.be\/nl\/wp-json\/wp\/v2\/product_tag?post=15422"}],"curies":[{"name":"wp","href":"https:\/\/api.w.org\/{rel}","templated":true}]}}