{"id":15424,"date":"2025-01-17T09:59:15","date_gmt":"2025-01-17T09:59:15","guid":{"rendered":"https:\/\/promochaudiere.be\/produit\/vaillant-pompe-vhr35c35s-0010030636\/"},"modified":"2026-02-03T18:16:40","modified_gmt":"2026-02-03T17:16:40","slug":"vaillant-pompe-vhr35c35s-0010030636","status":"publish","type":"product","link":"https:\/\/promochaudiere.be\/nl\/product\/vaillant-pompe-vhr35c35s-0010030636\/","title":{"rendered":"Vaillant pompe VHR35C+35S 0010030636"},"content":{"rendered":"<p>Cette pompe Vaillant est sp\u00e9cialement con\u00e7ue pour les mod\u00e8les VHR35C et VHR35S. Elle assure une distribution efficace de l\u2019eau chaude tout en optimisant la consommation \u00e9nerg\u00e9tique. Son moteur innovant permet un fonctionnement silencieux et durable. Facile \u00e0 installer, elle am\u00e9liore la performance globale du chauffage. Un accessoire essentiel pour un confort thermique optimal.<\/p>","protected":false},"excerpt":{"rendered":"<p>Vaillant pompe VHR35C+35S 0010030636<\/p>","protected":false},"featured_media":21951,"comment_status":"open","ping_status":"closed","template":"","meta":[],"product_brand":[],"product_cat":[8917,8840],"product_tag":[],"class_list":{"0":"post-15424","1":"product","2":"type-product","3":"status-publish","4":"has-post-thumbnail","6":"product_cat-pieces-detachees-vaillant","7":"product_cat-test","8":"pa_marque-vaillant","10":"first","11":"instock","12":"sale","13":"taxable","14":"shipping-taxable","15":"purchasable","16":"product-type-simple"},"aioseo_notices":[],"_links":{"self":[{"href":"https:\/\/promochaudiere.be\/nl\/wp-json\/wp\/v2\/product\/15424","targetHints":{"allow":["GET"]}}],"collection":[{"href":"https:\/\/promochaudiere.be\/nl\/wp-json\/wp\/v2\/product"}],"about":[{"href":"https:\/\/promochaudiere.be\/nl\/wp-json\/wp\/v2\/types\/product"}],"replies":[{"embeddable":true,"href":"https:\/\/promochaudiere.be\/nl\/wp-json\/wp\/v2\/comments?post=15424"}],"version-history":[{"count":1,"href":"https:\/\/promochaudiere.be\/nl\/wp-json\/wp\/v2\/product\/15424\/revisions"}],"predecessor-version":[{"id":52834,"href":"https:\/\/promochaudiere.be\/nl\/wp-json\/wp\/v2\/product\/15424\/revisions\/52834"}],"wp:featuredmedia":[{"embeddable":true,"href":"https:\/\/promochaudiere.be\/nl\/wp-json\/wp\/v2\/media\/21951"}],"wp:attachment":[{"href":"https:\/\/promochaudiere.be\/nl\/wp-json\/wp\/v2\/media?parent=15424"}],"wp:term":[{"taxonomy":"product_brand","embeddable":true,"href":"https:\/\/promochaudiere.be\/nl\/wp-json\/wp\/v2\/product_brand?post=15424"},{"taxonomy":"product_cat","embeddable":true,"href":"https:\/\/promochaudiere.be\/nl\/wp-json\/wp\/v2\/product_cat?post=15424"},{"taxonomy":"product_tag","embeddable":true,"href":"https:\/\/promochaudiere.be\/nl\/wp-json\/wp\/v2\/product_tag?post=15424"}],"curies":[{"name":"wp","href":"https:\/\/api.w.org\/{rel}","templated":true}]}}