{"id":15425,"date":"2025-01-17T09:59:15","date_gmt":"2025-01-17T09:59:15","guid":{"rendered":"https:\/\/promochaudiere.be\/produit\/vaillant-collecteur-bouteille-casse-pression-wh35-de-type-bouteille-0020042429\/"},"modified":"2026-02-03T19:40:08","modified_gmt":"2026-02-03T18:40:08","slug":"vaillant-collecteur-bouteille-casse-pression-wh35-de-type-bouteille-0020042429","status":"publish","type":"product","link":"https:\/\/promochaudiere.be\/nl\/product\/vaillant-collecteur-bouteille-casse-pression-wh35-de-type-bouteille-0020042429\/","title":{"rendered":"Vaillant collecteur + bouteille casse pression WH35 de type BOUTEILLE 0020042429"},"content":{"rendered":"<p>Ce collecteur Vaillant assure une distribution homog\u00e8ne de l\u2019eau chaude dans le circuit de chauffage. Il permet d\u2019\u00e9quilibrer les pressions pour \u00e9viter les d\u00e9s\u00e9quilibres thermiques. Son installation facile am\u00e9liore l\u2019efficacit\u00e9 \u00e9nerg\u00e9tique du syst\u00e8me. Un accessoire essentiel pour un chauffage performant et durable.<\/p>","protected":false},"excerpt":{"rendered":"<p>Vaillant collecteur + bouteille casse pression WH35 de type BOUTEILLE 0020042429<\/p>","protected":false},"featured_media":21703,"comment_status":"open","ping_status":"closed","template":"","meta":[],"product_brand":[],"product_cat":[9469,8840],"product_tag":[],"class_list":{"0":"post-15425","1":"product","2":"type-product","3":"status-publish","4":"has-post-thumbnail","6":"product_cat-accessoires-chaudieres-vaillant","7":"product_cat-test","8":"pa_marque-vaillant","10":"first","11":"instock","12":"sale","13":"taxable","14":"shipping-taxable","15":"purchasable","16":"product-type-simple"},"aioseo_notices":[],"_links":{"self":[{"href":"https:\/\/promochaudiere.be\/nl\/wp-json\/wp\/v2\/product\/15425","targetHints":{"allow":["GET"]}}],"collection":[{"href":"https:\/\/promochaudiere.be\/nl\/wp-json\/wp\/v2\/product"}],"about":[{"href":"https:\/\/promochaudiere.be\/nl\/wp-json\/wp\/v2\/types\/product"}],"replies":[{"embeddable":true,"href":"https:\/\/promochaudiere.be\/nl\/wp-json\/wp\/v2\/comments?post=15425"}],"version-history":[{"count":1,"href":"https:\/\/promochaudiere.be\/nl\/wp-json\/wp\/v2\/product\/15425\/revisions"}],"predecessor-version":[{"id":52833,"href":"https:\/\/promochaudiere.be\/nl\/wp-json\/wp\/v2\/product\/15425\/revisions\/52833"}],"wp:featuredmedia":[{"embeddable":true,"href":"https:\/\/promochaudiere.be\/nl\/wp-json\/wp\/v2\/media\/21703"}],"wp:attachment":[{"href":"https:\/\/promochaudiere.be\/nl\/wp-json\/wp\/v2\/media?parent=15425"}],"wp:term":[{"taxonomy":"product_brand","embeddable":true,"href":"https:\/\/promochaudiere.be\/nl\/wp-json\/wp\/v2\/product_brand?post=15425"},{"taxonomy":"product_cat","embeddable":true,"href":"https:\/\/promochaudiere.be\/nl\/wp-json\/wp\/v2\/product_cat?post=15425"},{"taxonomy":"product_tag","embeddable":true,"href":"https:\/\/promochaudiere.be\/nl\/wp-json\/wp\/v2\/product_tag?post=15425"}],"curies":[{"name":"wp","href":"https:\/\/api.w.org\/{rel}","templated":true}]}}