{"id":15438,"date":"2025-01-17T09:59:21","date_gmt":"2025-01-17T09:59:21","guid":{"rendered":"https:\/\/promochaudiere.be\/produit\/d-radiateur-salle-de-bain-tubo-solo-596-1681-1024w-mm-blanc-ral-9016-pa16806005\/"},"modified":"2026-02-03T18:16:41","modified_gmt":"2026-02-03T17:16:41","slug":"d-radiateur-salle-de-bain-tubo-solo-596-1681-1024w-mm-blanc-ral-9016-pa16806005","status":"publish","type":"product","link":"https:\/\/promochaudiere.be\/nl\/product\/d-radiateur-salle-de-bain-tubo-solo-596-1681-1024w-mm-blanc-ral-9016-pa16806005\/","title":{"rendered":"D-RADIATEUR SALLE DE BAIN TUBO SOLO 596\/1681 1024W MM BLANC RAL 9016 PA16806005"},"content":{"rendered":"<p>Ce radiateur salle de bain allie simplicit\u00e9 et efficacit\u00e9 pour une diffusion optimale de la chaleur. Son design sobre en blanc RAL 9016 lui permet de s\u2019adapter \u00e0 toutes les d\u00e9corations. Avec une puissance de 1024W, il garantit un chauffage rapide et homog\u00e8ne. Son format vertical optimise l\u2019espace dans la salle de bain. Sa conception robuste assure une durabilit\u00e9 optimale. Un excellent choix pour un confort thermique assur\u00e9.<\/p>","protected":false},"excerpt":{"rendered":"<p>D-RADIATEUR SALLE DE BAIN TUBO SOLO 596\/1681 1024W MM BLANC RAL 9016 PA16806005<\/p>","protected":false},"featured_media":21143,"comment_status":"open","ping_status":"closed","template":"","meta":[],"product_brand":[],"product_cat":[572],"product_tag":[],"class_list":{"0":"post-15438","1":"product","2":"type-product","3":"status-publish","4":"has-post-thumbnail","6":"product_cat-seche-serviette","8":"first","9":"instock","10":"sale","11":"taxable","12":"shipping-taxable","13":"purchasable","14":"product-type-simple"},"aioseo_notices":[],"_links":{"self":[{"href":"https:\/\/promochaudiere.be\/nl\/wp-json\/wp\/v2\/product\/15438","targetHints":{"allow":["GET"]}}],"collection":[{"href":"https:\/\/promochaudiere.be\/nl\/wp-json\/wp\/v2\/product"}],"about":[{"href":"https:\/\/promochaudiere.be\/nl\/wp-json\/wp\/v2\/types\/product"}],"replies":[{"embeddable":true,"href":"https:\/\/promochaudiere.be\/nl\/wp-json\/wp\/v2\/comments?post=15438"}],"version-history":[{"count":1,"href":"https:\/\/promochaudiere.be\/nl\/wp-json\/wp\/v2\/product\/15438\/revisions"}],"predecessor-version":[{"id":52832,"href":"https:\/\/promochaudiere.be\/nl\/wp-json\/wp\/v2\/product\/15438\/revisions\/52832"}],"wp:featuredmedia":[{"embeddable":true,"href":"https:\/\/promochaudiere.be\/nl\/wp-json\/wp\/v2\/media\/21143"}],"wp:attachment":[{"href":"https:\/\/promochaudiere.be\/nl\/wp-json\/wp\/v2\/media?parent=15438"}],"wp:term":[{"taxonomy":"product_brand","embeddable":true,"href":"https:\/\/promochaudiere.be\/nl\/wp-json\/wp\/v2\/product_brand?post=15438"},{"taxonomy":"product_cat","embeddable":true,"href":"https:\/\/promochaudiere.be\/nl\/wp-json\/wp\/v2\/product_cat?post=15438"},{"taxonomy":"product_tag","embeddable":true,"href":"https:\/\/promochaudiere.be\/nl\/wp-json\/wp\/v2\/product_tag?post=15438"}],"curies":[{"name":"wp","href":"https:\/\/api.w.org\/{rel}","templated":true}]}}