{"id":15450,"date":"2025-01-17T09:59:26","date_gmt":"2025-01-17T09:59:26","guid":{"rendered":"https:\/\/promochaudiere.be\/produit\/radson-bagana-seche-serviet-elec-1807x600-36tubes-1250w-bagt36609016\/"},"modified":"2026-02-03T18:16:41","modified_gmt":"2026-02-03T17:16:41","slug":"radson-bagana-seche-serviette-electrique-1807x600-36tubes-1250w-bagt36609016","status":"publish","type":"product","link":"https:\/\/promochaudiere.be\/nl\/product\/radson-bagana-seche-serviette-electrique-1807x600-36tubes-1250w-bagt36609016\/","title":{"rendered":"Radson Bagana s\u00e8che-serviette \u00e9lectrique 1807&#215;600 36tubes 1250W BAGT36609016"},"content":{"rendered":"<p>Le s\u00e8che-serviette Radson Bagana est un \u00e9quipement alliant \u00e0 la fois design et fonctionnalit\u00e9 pour offrir un confort optimal dans la salle de bain. Gr\u00e2ce \u00e0 sa technologie de chauffage \u00e9lectrique, il permet de s\u00e9cher rapidement les serviettes tout en maintenant une temp\u00e9rature agr\u00e9able dans la pi\u00e8ce. Son design moderne et \u00e9pur\u00e9 s\u2019int\u00e8gre parfaitement \u00e0 tout type de d\u00e9coration, et ses mat\u00e9riaux de haute qualit\u00e9 assurent une durabilit\u00e9 \u00e0 long terme. En plus de son efficacit\u00e9 pour s\u00e9cher les textiles, le s\u00e8che-serviette Radson Bagana contribue \u00e9galement \u00e0 am\u00e9liorer le confort thermique de la salle de bain, cr\u00e9ant une atmosph\u00e8re agr\u00e9able, surtout lors des journ\u00e9es froides.<\/p>","protected":false},"excerpt":{"rendered":"<p>Radson Bagana s\u00e8che-serviette \u00e9lectrique 1807&#215;600 36tubes 1250W BAGT36609016<\/p>","protected":false},"featured_media":20856,"comment_status":"open","ping_status":"closed","template":"","meta":[],"product_brand":[],"product_cat":[10862],"product_tag":[],"class_list":{"0":"post-15450","1":"product","2":"type-product","3":"status-publish","4":"has-post-thumbnail","6":"product_cat-radson","7":"pa_marque-radson","9":"first","10":"instock","11":"sale","12":"taxable","13":"shipping-taxable","14":"purchasable","15":"product-type-simple"},"aioseo_notices":[],"_links":{"self":[{"href":"https:\/\/promochaudiere.be\/nl\/wp-json\/wp\/v2\/product\/15450","targetHints":{"allow":["GET"]}}],"collection":[{"href":"https:\/\/promochaudiere.be\/nl\/wp-json\/wp\/v2\/product"}],"about":[{"href":"https:\/\/promochaudiere.be\/nl\/wp-json\/wp\/v2\/types\/product"}],"replies":[{"embeddable":true,"href":"https:\/\/promochaudiere.be\/nl\/wp-json\/wp\/v2\/comments?post=15450"}],"version-history":[{"count":2,"href":"https:\/\/promochaudiere.be\/nl\/wp-json\/wp\/v2\/product\/15450\/revisions"}],"predecessor-version":[{"id":44797,"href":"https:\/\/promochaudiere.be\/nl\/wp-json\/wp\/v2\/product\/15450\/revisions\/44797"}],"wp:featuredmedia":[{"embeddable":true,"href":"https:\/\/promochaudiere.be\/nl\/wp-json\/wp\/v2\/media\/20856"}],"wp:attachment":[{"href":"https:\/\/promochaudiere.be\/nl\/wp-json\/wp\/v2\/media?parent=15450"}],"wp:term":[{"taxonomy":"product_brand","embeddable":true,"href":"https:\/\/promochaudiere.be\/nl\/wp-json\/wp\/v2\/product_brand?post=15450"},{"taxonomy":"product_cat","embeddable":true,"href":"https:\/\/promochaudiere.be\/nl\/wp-json\/wp\/v2\/product_cat?post=15450"},{"taxonomy":"product_tag","embeddable":true,"href":"https:\/\/promochaudiere.be\/nl\/wp-json\/wp\/v2\/product_tag?post=15450"}],"curies":[{"name":"wp","href":"https:\/\/api.w.org\/{rel}","templated":true}]}}