{"id":15453,"date":"2025-01-17T09:59:27","date_gmt":"2025-01-17T09:59:27","guid":{"rendered":"https:\/\/promochaudiere.be\/produit\/bosch-set-de-raccordement-pour-chaudieres-18-35kw-8718588481\/"},"modified":"2026-02-03T18:16:43","modified_gmt":"2026-02-03T17:16:43","slug":"bosch-set-de-raccordement-pour-chaudieres-18-35kw-8718588481","status":"publish","type":"product","link":"https:\/\/promochaudiere.be\/nl\/product\/bosch-set-de-raccordement-pour-chaudieres-18-35kw-8718588481\/","title":{"rendered":"Bosch set de raccordement pour chaudieres 18-35KW 8718588481"},"content":{"rendered":"<p>Le set de raccordement Bosch est sp\u00e9cialement con\u00e7u pour les chaudi\u00e8res de 18 \u00e0 35 kW, facilitant leur installation et assurant une connexion optimale avec le circuit de chauffage. Il comprend tous les \u00e9l\u00e9ments n\u00e9cessaires pour une \u00e9tanch\u00e9it\u00e9 parfaite et une installation s\u00e9curis\u00e9e. Fabriqu\u00e9 en mat\u00e9riaux de haute qualit\u00e9, il assure une durabilit\u00e9 exceptionnelle.<\/p>","protected":false},"excerpt":{"rendered":"<p>Bosch set de raccordement pour chaudieres 18-35KW 8718588481<\/p>","protected":false},"featured_media":21067,"comment_status":"open","ping_status":"closed","template":"","meta":[],"product_brand":[],"product_cat":[9485],"product_tag":[],"class_list":{"0":"post-15453","1":"product","2":"type-product","3":"status-publish","4":"has-post-thumbnail","6":"product_cat-pieces-detachees-bosch","7":"pa_marque-bosch","9":"first","10":"instock","11":"sale","12":"taxable","13":"shipping-taxable","14":"purchasable","15":"product-type-simple"},"aioseo_notices":[],"_links":{"self":[{"href":"https:\/\/promochaudiere.be\/nl\/wp-json\/wp\/v2\/product\/15453","targetHints":{"allow":["GET"]}}],"collection":[{"href":"https:\/\/promochaudiere.be\/nl\/wp-json\/wp\/v2\/product"}],"about":[{"href":"https:\/\/promochaudiere.be\/nl\/wp-json\/wp\/v2\/types\/product"}],"replies":[{"embeddable":true,"href":"https:\/\/promochaudiere.be\/nl\/wp-json\/wp\/v2\/comments?post=15453"}],"version-history":[{"count":1,"href":"https:\/\/promochaudiere.be\/nl\/wp-json\/wp\/v2\/product\/15453\/revisions"}],"predecessor-version":[{"id":44795,"href":"https:\/\/promochaudiere.be\/nl\/wp-json\/wp\/v2\/product\/15453\/revisions\/44795"}],"wp:featuredmedia":[{"embeddable":true,"href":"https:\/\/promochaudiere.be\/nl\/wp-json\/wp\/v2\/media\/21067"}],"wp:attachment":[{"href":"https:\/\/promochaudiere.be\/nl\/wp-json\/wp\/v2\/media?parent=15453"}],"wp:term":[{"taxonomy":"product_brand","embeddable":true,"href":"https:\/\/promochaudiere.be\/nl\/wp-json\/wp\/v2\/product_brand?post=15453"},{"taxonomy":"product_cat","embeddable":true,"href":"https:\/\/promochaudiere.be\/nl\/wp-json\/wp\/v2\/product_cat?post=15453"},{"taxonomy":"product_tag","embeddable":true,"href":"https:\/\/promochaudiere.be\/nl\/wp-json\/wp\/v2\/product_tag?post=15453"}],"curies":[{"name":"wp","href":"https:\/\/api.w.org\/{rel}","templated":true}]}}