{"id":15459,"date":"2025-01-17T09:59:29","date_gmt":"2025-01-17T09:59:29","guid":{"rendered":"https:\/\/promochaudiere.be\/produit\/remeha-e-twist-rf-sans-fil-7708465\/"},"modified":"2026-02-03T18:16:42","modified_gmt":"2026-02-03T17:16:42","slug":"remeha-e-twist-rf-sans-fil-7708465","status":"publish","type":"product","link":"https:\/\/promochaudiere.be\/nl\/product\/remeha-e-twist-rf-sans-fil-7708465\/","title":{"rendered":"REMEHA E-TWIST RF SANS FIL 7708465"},"content":{"rendered":"<p>Ce thermostat sans fil Remeha E-Twist RF permet une r\u00e9gulation pr\u00e9cise du chauffage \u00e0 distance. Il offre une interface intuitive avec programmation personnalisable. Compatible avec les chaudi\u00e8res Remeha, il optimise l\u2019efficacit\u00e9 \u00e9nerg\u00e9tique. Facile \u00e0 installer, il garantit un contr\u00f4le pr\u00e9cis de la temp\u00e9rature. Id\u00e9al pour un confort thermique moderne et intelligent.<\/p>","protected":false},"excerpt":{"rendered":"<p>REMEHA E-TWIST RF SANS FIL 7708465<\/p>","protected":false},"featured_media":21171,"comment_status":"open","ping_status":"closed","template":"","meta":[],"product_brand":[],"product_cat":[534],"product_tag":[],"class_list":{"0":"post-15459","1":"product","2":"type-product","3":"status-publish","4":"has-post-thumbnail","6":"product_cat-thermostat-remeha-fr","7":"pa_marque-remeha","9":"first","10":"instock","11":"sale","12":"taxable","13":"shipping-taxable","14":"purchasable","15":"product-type-simple"},"aioseo_notices":[],"_links":{"self":[{"href":"https:\/\/promochaudiere.be\/nl\/wp-json\/wp\/v2\/product\/15459","targetHints":{"allow":["GET"]}}],"collection":[{"href":"https:\/\/promochaudiere.be\/nl\/wp-json\/wp\/v2\/product"}],"about":[{"href":"https:\/\/promochaudiere.be\/nl\/wp-json\/wp\/v2\/types\/product"}],"replies":[{"embeddable":true,"href":"https:\/\/promochaudiere.be\/nl\/wp-json\/wp\/v2\/comments?post=15459"}],"version-history":[{"count":1,"href":"https:\/\/promochaudiere.be\/nl\/wp-json\/wp\/v2\/product\/15459\/revisions"}],"predecessor-version":[{"id":44791,"href":"https:\/\/promochaudiere.be\/nl\/wp-json\/wp\/v2\/product\/15459\/revisions\/44791"}],"wp:featuredmedia":[{"embeddable":true,"href":"https:\/\/promochaudiere.be\/nl\/wp-json\/wp\/v2\/media\/21171"}],"wp:attachment":[{"href":"https:\/\/promochaudiere.be\/nl\/wp-json\/wp\/v2\/media?parent=15459"}],"wp:term":[{"taxonomy":"product_brand","embeddable":true,"href":"https:\/\/promochaudiere.be\/nl\/wp-json\/wp\/v2\/product_brand?post=15459"},{"taxonomy":"product_cat","embeddable":true,"href":"https:\/\/promochaudiere.be\/nl\/wp-json\/wp\/v2\/product_cat?post=15459"},{"taxonomy":"product_tag","embeddable":true,"href":"https:\/\/promochaudiere.be\/nl\/wp-json\/wp\/v2\/product_tag?post=15459"}],"curies":[{"name":"wp","href":"https:\/\/api.w.org\/{rel}","templated":true}]}}