{"id":15469,"date":"2025-01-17T09:59:34","date_gmt":"2025-01-17T09:59:34","guid":{"rendered":"https:\/\/promochaudiere.be\/produit\/bulex-pompe-haute-efficacite-0010034152\/"},"modified":"2026-02-03T18:16:48","modified_gmt":"2026-02-03T17:16:48","slug":"bulex-pompe-haute-efficacite-0010034152","status":"publish","type":"product","link":"https:\/\/promochaudiere.be\/nl\/product\/bulex-pompe-haute-efficacite-0010034152\/","title":{"rendered":"BULEX POMPE HAUTE EFFICACITE 0010034152"},"content":{"rendered":"<p>Cette pompe haute efficacit\u00e9 Bulex est con\u00e7ue pour assurer une circulation d\u2019eau optimale dans les circuits de chauffage. Son moteur \u00e0 faible consommation \u00e9nerg\u00e9tique garantit un fonctionnement \u00e9conomique et durable. Elle permet un r\u00e9glage pr\u00e9cis du d\u00e9bit pour un confort thermique constant. Facile \u00e0 installer, elle r\u00e9duit les pertes d\u2019\u00e9nergie et am\u00e9liore le rendement du chauffage. Un accessoire indispensable pour une meilleure gestion de la chaleur.<\/p>","protected":false},"excerpt":{"rendered":"<p>BULEX POMPE HAUTE EFFICACITE 0010034152<\/p>","protected":false},"featured_media":21944,"comment_status":"open","ping_status":"closed","template":"","meta":[],"product_brand":[],"product_cat":[9507,8840],"product_tag":[],"class_list":{"0":"post-15469","1":"product","2":"type-product","3":"status-publish","4":"has-post-thumbnail","6":"product_cat-pieces-detachees-bulex","7":"product_cat-test","8":"pa_marque-bulex","10":"first","11":"instock","12":"sale","13":"taxable","14":"shipping-taxable","15":"purchasable","16":"product-type-simple"},"aioseo_notices":[],"_links":{"self":[{"href":"https:\/\/promochaudiere.be\/nl\/wp-json\/wp\/v2\/product\/15469","targetHints":{"allow":["GET"]}}],"collection":[{"href":"https:\/\/promochaudiere.be\/nl\/wp-json\/wp\/v2\/product"}],"about":[{"href":"https:\/\/promochaudiere.be\/nl\/wp-json\/wp\/v2\/types\/product"}],"replies":[{"embeddable":true,"href":"https:\/\/promochaudiere.be\/nl\/wp-json\/wp\/v2\/comments?post=15469"}],"version-history":[{"count":1,"href":"https:\/\/promochaudiere.be\/nl\/wp-json\/wp\/v2\/product\/15469\/revisions"}],"predecessor-version":[{"id":44780,"href":"https:\/\/promochaudiere.be\/nl\/wp-json\/wp\/v2\/product\/15469\/revisions\/44780"}],"wp:featuredmedia":[{"embeddable":true,"href":"https:\/\/promochaudiere.be\/nl\/wp-json\/wp\/v2\/media\/21944"}],"wp:attachment":[{"href":"https:\/\/promochaudiere.be\/nl\/wp-json\/wp\/v2\/media?parent=15469"}],"wp:term":[{"taxonomy":"product_brand","embeddable":true,"href":"https:\/\/promochaudiere.be\/nl\/wp-json\/wp\/v2\/product_brand?post=15469"},{"taxonomy":"product_cat","embeddable":true,"href":"https:\/\/promochaudiere.be\/nl\/wp-json\/wp\/v2\/product_cat?post=15469"},{"taxonomy":"product_tag","embeddable":true,"href":"https:\/\/promochaudiere.be\/nl\/wp-json\/wp\/v2\/product_tag?post=15469"}],"curies":[{"name":"wp","href":"https:\/\/api.w.org\/{rel}","templated":true}]}}