{"id":15474,"date":"2025-01-17T09:59:36","date_gmt":"2025-01-17T09:59:36","guid":{"rendered":"https:\/\/promochaudiere.be\/produit\/grundfos-sonde-de-pression-pour-boitier-de-communication-lc231-99488545\/"},"modified":"2026-02-03T18:16:52","modified_gmt":"2026-02-03T17:16:52","slug":"grundfos-sonde-de-pression-pour-boitier-de-communication-lc231-99488545","status":"publish","type":"product","link":"https:\/\/promochaudiere.be\/nl\/product\/grundfos-sonde-de-pression-pour-boitier-de-communication-lc231-99488545\/","title":{"rendered":"Grundfos Sonde de pression pour boitier de communication LC231 99488545"},"content":{"rendered":"<p>La sonde de pression Grundfos permet une surveillance et un contr\u00f4le pr\u00e9cis de la pression dans les syst\u00e8mes de pompage. Elle assure une r\u00e9gulation efficace et pr\u00e9vient les fluctuations de pression pouvant affecter les \u00e9quipements. Facile \u00e0 installer, elle est compatible avec les bo\u00eetiers de commande Grundfos. Son design robuste garantit une durabilit\u00e9 optimale. Un accessoire indispensable pour une gestion pr\u00e9cise et s\u00e9curis\u00e9e des syst\u00e8mes hydrauliques.<\/p>","protected":false},"excerpt":{"rendered":"<p>Grundfos Sonde de pression pour boitier de communication LC231 99488545<\/p>","protected":false},"featured_media":21177,"comment_status":"open","ping_status":"closed","template":"","meta":[],"product_brand":[],"product_cat":[298],"product_tag":[],"class_list":{"0":"post-15474","1":"product","2":"type-product","3":"status-publish","4":"has-post-thumbnail","6":"product_cat-pompe","7":"pa_marque-grundfos","9":"first","10":"instock","11":"sale","12":"taxable","13":"shipping-taxable","14":"purchasable","15":"product-type-simple"},"aioseo_notices":[],"_links":{"self":[{"href":"https:\/\/promochaudiere.be\/nl\/wp-json\/wp\/v2\/product\/15474","targetHints":{"allow":["GET"]}}],"collection":[{"href":"https:\/\/promochaudiere.be\/nl\/wp-json\/wp\/v2\/product"}],"about":[{"href":"https:\/\/promochaudiere.be\/nl\/wp-json\/wp\/v2\/types\/product"}],"replies":[{"embeddable":true,"href":"https:\/\/promochaudiere.be\/nl\/wp-json\/wp\/v2\/comments?post=15474"}],"version-history":[{"count":1,"href":"https:\/\/promochaudiere.be\/nl\/wp-json\/wp\/v2\/product\/15474\/revisions"}],"predecessor-version":[{"id":44776,"href":"https:\/\/promochaudiere.be\/nl\/wp-json\/wp\/v2\/product\/15474\/revisions\/44776"}],"wp:featuredmedia":[{"embeddable":true,"href":"https:\/\/promochaudiere.be\/nl\/wp-json\/wp\/v2\/media\/21177"}],"wp:attachment":[{"href":"https:\/\/promochaudiere.be\/nl\/wp-json\/wp\/v2\/media?parent=15474"}],"wp:term":[{"taxonomy":"product_brand","embeddable":true,"href":"https:\/\/promochaudiere.be\/nl\/wp-json\/wp\/v2\/product_brand?post=15474"},{"taxonomy":"product_cat","embeddable":true,"href":"https:\/\/promochaudiere.be\/nl\/wp-json\/wp\/v2\/product_cat?post=15474"},{"taxonomy":"product_tag","embeddable":true,"href":"https:\/\/promochaudiere.be\/nl\/wp-json\/wp\/v2\/product_tag?post=15474"}],"curies":[{"name":"wp","href":"https:\/\/api.w.org\/{rel}","templated":true}]}}