{"id":15483,"date":"2025-01-17T09:59:40","date_gmt":"2025-01-17T09:59:40","guid":{"rendered":"https:\/\/promochaudiere.be\/produit\/wilo-circulateur-cc-stratos-pico-30-05-4-l180-2-4244399\/"},"modified":"2026-02-03T19:40:09","modified_gmt":"2026-02-03T18:40:09","slug":"wilo-circulateur-cc-stratos-pico-30-05-4-l180-2-4244399","status":"publish","type":"product","link":"https:\/\/promochaudiere.be\/nl\/product\/wilo-circulateur-cc-stratos-pico-30-05-4-l180-2-4244399\/","title":{"rendered":"WILO CIRCULATEUR CC  STRATOS PICO 30\/0,5-4 L180 2&Prime; 4244399"},"content":{"rendered":"<p>Ce circulateur Wilo est con\u00e7u pour assurer une circulation stable du fluide caloporteur. Son format 30\/0,5-4 L180 s\u2019adapte aux r\u00e9seaux hydrauliques n\u00e9cessitant une r\u00e9gulation pr\u00e9cise. Son moteur haute performance r\u00e9duit la consommation \u00e9nerg\u00e9tique. Facile \u00e0 int\u00e9grer, il prolonge la dur\u00e9e de vie des \u00e9quipements. Un accessoire cl\u00e9 pour un chauffage efficace.<\/p>","protected":false},"excerpt":{"rendered":"<p>WILO CIRCULATEUR CC  STRATOS PICO 30\/0,5-4 L180 2&Prime; 4244399<\/p>","protected":false},"featured_media":21092,"comment_status":"open","ping_status":"closed","template":"","meta":[],"product_brand":[],"product_cat":[660],"product_tag":[],"class_list":{"0":"post-15483","1":"product","2":"type-product","3":"status-publish","4":"has-post-thumbnail","6":"product_cat-circulateur","7":"pa_marque-wilo","9":"first","10":"instock","11":"sale","12":"taxable","13":"shipping-taxable","14":"purchasable","15":"product-type-simple"},"aioseo_notices":[],"_links":{"self":[{"href":"https:\/\/promochaudiere.be\/nl\/wp-json\/wp\/v2\/product\/15483","targetHints":{"allow":["GET"]}}],"collection":[{"href":"https:\/\/promochaudiere.be\/nl\/wp-json\/wp\/v2\/product"}],"about":[{"href":"https:\/\/promochaudiere.be\/nl\/wp-json\/wp\/v2\/types\/product"}],"replies":[{"embeddable":true,"href":"https:\/\/promochaudiere.be\/nl\/wp-json\/wp\/v2\/comments?post=15483"}],"version-history":[{"count":1,"href":"https:\/\/promochaudiere.be\/nl\/wp-json\/wp\/v2\/product\/15483\/revisions"}],"predecessor-version":[{"id":52827,"href":"https:\/\/promochaudiere.be\/nl\/wp-json\/wp\/v2\/product\/15483\/revisions\/52827"}],"wp:featuredmedia":[{"embeddable":true,"href":"https:\/\/promochaudiere.be\/nl\/wp-json\/wp\/v2\/media\/21092"}],"wp:attachment":[{"href":"https:\/\/promochaudiere.be\/nl\/wp-json\/wp\/v2\/media?parent=15483"}],"wp:term":[{"taxonomy":"product_brand","embeddable":true,"href":"https:\/\/promochaudiere.be\/nl\/wp-json\/wp\/v2\/product_brand?post=15483"},{"taxonomy":"product_cat","embeddable":true,"href":"https:\/\/promochaudiere.be\/nl\/wp-json\/wp\/v2\/product_cat?post=15483"},{"taxonomy":"product_tag","embeddable":true,"href":"https:\/\/promochaudiere.be\/nl\/wp-json\/wp\/v2\/product_tag?post=15483"}],"curies":[{"name":"wp","href":"https:\/\/api.w.org\/{rel}","templated":true}]}}